{"id":60,"date":"2013-08-01T17:41:56","date_gmt":"2013-08-01T15:41:56","guid":{"rendered":"http:\/\/dirisolar.com\/Projets\/?page_id=60"},"modified":"2017-07-31T13:38:42","modified_gmt":"2017-07-31T11:38:42","slug":"partenaires","status":"publish","type":"page","link":"https:\/\/dirisolar.com\/Projets\/partenaires\/","title":{"rendered":"Partenaires"},"content":{"rendered":"<h2>Les conseils<\/h2>\n<p>L\u2019architecture g\u00e9n\u00e9rale et le choix des technologies entrant dans la conception ont b\u00e9n\u00e9fici\u00e9 de nombreux conseils, et\u00a0 notamment de ceux de :<\/p>\n<p><strong>Audouin Dollfus<\/strong> (1924-2010), astronome, d\u00e9couvreur de l\u2019existence d\u2019eau sur Mars, et a\u00e9rostier c\u00e9l\u00e8bre.<\/p>\n<p><strong>Eric Faure<\/strong>, gr\u00e2ce \u00e0 l\u2019ouvrage \u00ab L\u2019 A\u00e9rostation Scientifique \u00bb publi\u00e9 en 2004<\/p>\n<p><strong>Pierre Yves Duchesne<\/strong>, constructeur de dirigeables t\u00e9l\u00e9op\u00e9r\u00e9s. Sa contribution essentielle \u00e0 la r\u00e9alisation du mod\u00e8le r\u00e9duit DS 0.6 a permis de valider les principes de conception des dirigeables Dirisolar.<\/p>\n<p><strong>Marc Van Peteghem<\/strong>, architecte naval, concepteur du bateau d\u00e9tenteur de la Coupe de l\u2019America en 2010. Ses conseils et son r\u00e9seau d\u2019experts ont permis \u00e0 Dirisolar de concevoir et ma\u00eetriser l\u2019entoilement de la coque rigide.<\/p>\n<p><strong>Pascal Martin,<\/strong> double champion de France de Montgolfi\u00e8re. Son r\u00e9seau d\u2019amis a\u00e9rostiers a permis \u00e0 Dirisolar de b\u00e9n\u00e9ficier de conseils pr\u00e9cieux sur la conception et l\u2019utilisation des a\u00e9rostats.<\/p>\n<h2>Les accords industriels<\/h2>\n<p>En 2012, Dirisolar signe six accords de coop\u00e9ration avec des soci\u00e9t\u00e9s europ\u00e9ennes pour la construction du DS1500. Ces entreprises sont sp\u00e9cialis\u00e9es dans les domaines suivants :<\/p>\n<ul>\n<li>prototypage virtuel<\/li>\n<li>construction de moteurs \u00e9lectriques et d&rsquo;h\u00e9lices \u00e0 bas bruit,<\/li>\n<li>fabrication de voiles pour l&rsquo;entoilage ext\u00e9rieur<\/li>\n<li>fabrication de sacs \u00e0 h\u00e9lium<\/li>\n<li>conception de syst\u00e8mes de capteurs solaires<\/li>\n<\/ul>\n<p style=\"text-align: center;\">\u00a0<a href=\"http:\/\/dirisolar.com\/Projets\/wp-content\/uploads\/2013\/08\/Intro_Dirisolar.jpg\"><img loading=\"lazy\" class=\"size-full wp-image-288 aligncenter\" src=\"http:\/\/dirisolar.com\/Projets\/wp-content\/uploads\/2013\/08\/Intro_Dirisolar.jpg\" alt=\"Intro_Dirisolar\" width=\"800\" height=\"147\" srcset=\"https:\/\/dirisolar.com\/Projets\/wp-content\/uploads\/2013\/08\/Intro_Dirisolar.jpg 800w, https:\/\/dirisolar.com\/Projets\/wp-content\/uploads\/2013\/08\/Intro_Dirisolar-300x55.jpg 300w\" sizes=\"(max-width: 800px) 100vw, 800px\" \/><\/a><\/p>\n","protected":false},"excerpt":{"rendered":"<p>Les conseils L\u2019architecture g\u00e9n\u00e9rale et le choix des technologies entrant dans la conception ont b\u00e9n\u00e9fici\u00e9 de nombreux conseils, et\u00a0 notamment de ceux de : Audouin Dollfus (1924-2010), astronome, d\u00e9couvreur de l\u2019existence d\u2019eau sur Mars, et a\u00e9rostier c\u00e9l\u00e8bre. Eric Faure, gr\u00e2ce \u00e0 l\u2019ouvrage \u00ab L\u2019 A\u00e9rostation Scientifique \u00bb publi\u00e9 en 2004 [&hellip;]<\/p>\n","protected":false},"author":1,"featured_media":0,"parent":0,"menu_order":7,"comment_status":"open","ping_status":"open","template":"","meta":{"spay_email":""},"yoast_head":"<!-- This site is optimized with the Yoast SEO plugin v15.4 - https:\/\/yoast.com\/wordpress\/plugins\/seo\/ -->\n<title>Les partenaires et aides de Dirisolar pour le projet DS 1500<\/title>\n<meta name=\"description\" content=\"Un tel projet n&#039;est pas r\u00e9alisable sans partenaires pr\u00eats \u00e0 aider au d\u00e9veloppement de celui-ci, c&#039;est pourquoi nous voulons les remercier ici\" \/>\n<meta name=\"robots\" content=\"index, follow, max-snippet:-1, max-image-preview:large, max-video-preview:-1\" \/>\n<link rel=\"canonical\" href=\"http:\/\/dirisolar.com\/Projets\/partenaires\/\" \/>\n<meta property=\"og:locale\" content=\"fr_FR\" \/>\n<meta property=\"og:type\" content=\"article\" \/>\n<meta property=\"og:title\" content=\"Les partenaires et aides de Dirisolar pour le projet DS 1500\" \/>\n<meta property=\"og:description\" content=\"Un tel projet n&#039;est pas r\u00e9alisable sans partenaires pr\u00eats \u00e0 aider au d\u00e9veloppement de celui-ci, c&#039;est pourquoi nous voulons les remercier ici\" \/>\n<meta property=\"og:url\" content=\"http:\/\/dirisolar.com\/Projets\/partenaires\/\" \/>\n<meta property=\"og:site_name\" content=\"Dirisolar\" \/>\n<meta property=\"article:publisher\" content=\"https:\/\/www.facebook.com\/DirisolarFR\" \/>\n<meta property=\"article:modified_time\" content=\"2017-07-31T11:38:42+00:00\" \/>\n<meta property=\"og:image\" content=\"http:\/\/dirisolar.com\/Projets\/wp-content\/uploads\/2013\/08\/Intro_Dirisolar.jpg\" \/>\n<meta name=\"twitter:card\" content=\"summary_large_image\" \/>\n<meta name=\"twitter:creator\" content=\"@Dirisolar\" \/>\n<meta name=\"twitter:site\" content=\"@Dirisolar\" \/>\n<meta name=\"twitter:label1\" content=\"\u00c9crit par\">\n\t<meta name=\"twitter:data1\" content=\"admin\">\n\t<meta name=\"twitter:label2\" content=\"Dur\u00e9e de lecture est.\">\n\t<meta name=\"twitter:data2\" content=\"1 minute\">\n<script type=\"application\/ld+json\" class=\"yoast-schema-graph\">{\"@context\":\"https:\/\/schema.org\",\"@graph\":[{\"@type\":\"Organization\",\"@id\":\"https:\/\/dirisolar.com\/Projets\/#organization\",\"name\":\"Dirisolar\",\"url\":\"https:\/\/dirisolar.com\/Projets\/\",\"sameAs\":[\"https:\/\/www.facebook.com\/DirisolarFR\",\"https:\/\/www.instagram.com\/dirisolar\/?hl=fr\",\"https:\/\/www.linkedin.com\/company\/dirisolar\",\"https:\/\/www.youtube.com\/channel\/UCOTzLSS-a7itDgvtlZp1gLw\",\"https:\/\/twitter.com\/Dirisolar\"],\"logo\":{\"@type\":\"ImageObject\",\"@id\":\"https:\/\/dirisolar.com\/Projets\/#logo\",\"inLanguage\":\"fr-FR\",\"url\":\"https:\/\/dirisolar.com\/Projets\/wp-content\/uploads\/2020\/11\/Dirisolar_logo.png\",\"width\":2128,\"height\":736,\"caption\":\"Dirisolar\"},\"image\":{\"@id\":\"https:\/\/dirisolar.com\/Projets\/#logo\"}},{\"@type\":\"WebSite\",\"@id\":\"https:\/\/dirisolar.com\/Projets\/#website\",\"url\":\"https:\/\/dirisolar.com\/Projets\/\",\"name\":\"Dirisolar\",\"description\":\"Another way to fly\",\"publisher\":{\"@id\":\"https:\/\/dirisolar.com\/Projets\/#organization\"},\"potentialAction\":[{\"@type\":\"SearchAction\",\"target\":\"https:\/\/dirisolar.com\/Projets\/?s={search_term_string}\",\"query-input\":\"required name=search_term_string\"}],\"inLanguage\":\"fr-FR\"},{\"@type\":\"ImageObject\",\"@id\":\"http:\/\/dirisolar.com\/Projets\/partenaires\/#primaryimage\",\"inLanguage\":\"fr-FR\",\"url\":\"http:\/\/dirisolar.com\/Projets\/wp-content\/uploads\/2013\/08\/Intro_Dirisolar.jpg\"},{\"@type\":\"WebPage\",\"@id\":\"http:\/\/dirisolar.com\/Projets\/partenaires\/#webpage\",\"url\":\"http:\/\/dirisolar.com\/Projets\/partenaires\/\",\"name\":\"Les partenaires et aides de Dirisolar pour le projet DS 1500\",\"isPartOf\":{\"@id\":\"https:\/\/dirisolar.com\/Projets\/#website\"},\"primaryImageOfPage\":{\"@id\":\"http:\/\/dirisolar.com\/Projets\/partenaires\/#primaryimage\"},\"datePublished\":\"2013-08-01T15:41:56+00:00\",\"dateModified\":\"2017-07-31T11:38:42+00:00\",\"description\":\"Un tel projet n'est pas r\\u00e9alisable sans partenaires pr\\u00eats \\u00e0 aider au d\\u00e9veloppement de celui-ci, c'est pourquoi nous voulons les remercier ici\",\"inLanguage\":\"fr-FR\",\"potentialAction\":[{\"@type\":\"ReadAction\",\"target\":[\"http:\/\/dirisolar.com\/Projets\/partenaires\/\"]}]}]}<\/script>\n<!-- \/ Yoast SEO plugin. -->","_links":{"self":[{"href":"https:\/\/dirisolar.com\/Projets\/wp-json\/wp\/v2\/pages\/60"}],"collection":[{"href":"https:\/\/dirisolar.com\/Projets\/wp-json\/wp\/v2\/pages"}],"about":[{"href":"https:\/\/dirisolar.com\/Projets\/wp-json\/wp\/v2\/types\/page"}],"author":[{"embeddable":true,"href":"https:\/\/dirisolar.com\/Projets\/wp-json\/wp\/v2\/users\/1"}],"replies":[{"embeddable":true,"href":"https:\/\/dirisolar.com\/Projets\/wp-json\/wp\/v2\/comments?post=60"}],"version-history":[{"count":9,"href":"https:\/\/dirisolar.com\/Projets\/wp-json\/wp\/v2\/pages\/60\/revisions"}],"predecessor-version":[{"id":1097,"href":"https:\/\/dirisolar.com\/Projets\/wp-json\/wp\/v2\/pages\/60\/revisions\/1097"}],"wp:attachment":[{"href":"https:\/\/dirisolar.com\/Projets\/wp-json\/wp\/v2\/media?parent=60"}],"curies":[{"name":"wp","href":"https:\/\/api.w.org\/{rel}","templated":true}]}}