{"id":502,"date":"2013-12-10T09:38:23","date_gmt":"2013-12-10T08:38:23","guid":{"rendered":"http:\/\/dirisolar.com\/Projets\/?page_id=502"},"modified":"2018-10-15T15:29:28","modified_gmt":"2018-10-15T13:29:28","slug":"mentions-legales","status":"publish","type":"page","link":"https:\/\/dirisolar.com\/Projets\/mentions-legales\/","title":{"rendered":"Mentions l\u00e9gales"},"content":{"rendered":"<p><strong><span style=\"text-decoration: underline;\">\u00c9diteur du site<\/span><\/strong><\/p>\n<p>Dirisolar SAS<\/p>\n<p>15 Rue de S\u00e8vres,\u00a092100 Boulogne-Billancourt (Si\u00e8ge Social)<\/p>\n<p>121 Rue d&rsquo;Aguesseau, 92100 Boulogne-Billancourt (Bureaux)<\/p>\n<p>SIRET 793 267 865 00012<\/p>\n<p><span style=\"text-decoration: underline;\"><strong>Directeur de publication<\/strong> <\/span><\/p>\n<p>Philippe Tixier<\/p>\n<p><span style=\"text-decoration: underline;\"><strong>H\u00e9bergeur<\/strong><\/span><\/p>\n<p>OVH<\/p>\n<p>2 Rue Kellerman<\/p>\n<p>F-59100 Roubaix<\/p>\n<p><span style=\"text-decoration: underline;\"><strong>Cr\u00e9dit photographique<\/strong><\/span><\/p>\n<p>Tous droits r\u00e9serv\u00e9s \u00e0 la Soci\u00e9t\u00e9 Dirisolar SAS.<\/p>\n<p><span style=\"text-decoration: underline;\"><strong>Contenu du site<\/strong><\/span><\/p>\n<p>Dirisolar SAS met \u00e0 disposition des utilisateurs du site Dirisolar.com les informations disponibles. La soci\u00e9t\u00e9 Dirisolar SAS ne peut \u00eatre tenue responsable des erreurs ou de l&rsquo;indisponibilit\u00e9 de certaines informations.<\/p>\n<p><strong><span style=\"text-decoration: underline;\">Propri\u00e9t\u00e9<br \/>\n<\/span><\/strong><\/p>\n<p>La structure du site Web ainsi que les textes, images, sch\u00e9mas, sons, dessins et graphismes ainsi que tout autre \u00e9l\u00e9ment constituant ce site Web sont la propri\u00e9t\u00e9 de Dirisolar SAS ; ils sont destin\u00e9s \u00e0 leurs utilisations exclusives. Toute repr\u00e9sentation totale ou partielle de ce site, par quelques proc\u00e9d\u00e9s que ce soient, sans autorisation expresse de Dirisolar SAS, est interdite et constituerait une contrefa\u00e7on sanctionn\u00e9e par les articles L335-2 et suivants du Code de la propri\u00e9t\u00e9 intellectuelle. Les liens hypertextes mis en place dans le cadre du pr\u00e9sent site web en direction d&rsquo;autres ressources pr\u00e9sentes sur le r\u00e9seau internet, ne sauraient engager la responsabilit\u00e9 de Dirisolar SAS. Les utilisateurs et visiteurs du site dirisolar.com ne peuvent mettre en place un hyperlien en direction de ce site sans l&rsquo;autorisation expresse et pr\u00e9alable de Dirisolar SAS. Pour cela merci d&rsquo;adresser un mail \u00e0 webmaster@dirisolar.com.<\/p>\n<p><strong><span style=\"text-decoration: underline;\">Loi Informatiques et Libert\u00e9s<\/span><\/strong><\/p>\n<p>Conform\u00e9ment \u00e0 l&rsquo;article 27 de la loi du 6 janvier 1978 relative \u00e0 l&rsquo;informatique, aux fichiers et aux libert\u00e9s, l&rsquo;utilisateur est notamment inform\u00e9 :<\/p>\n<ul>\n<li>\u00a0Que les renseignements donn\u00e9s \u00e0 partir des formulaires pr\u00e9sents sur le site web pourront \u00eatre transmis et exploit\u00e9s par Dirisolar SAS.<\/li>\n<li>Qu&rsquo;il dispose en outre d&rsquo;un droit d&rsquo;acc\u00e8s et de rectification portant sur ses donn\u00e9es.<\/li>\n<\/ul>\n<p>Ce droit d&rsquo;acc\u00e8s et de rectification peut \u00eatre exerc\u00e9 par courrier \u00e9lectronique \u00e0 l&rsquo;adresse suivante webmaster@dirisolar.com<\/p>\n<p>Les adresses IP sont destin\u00e9es \u00e0 un usage purement technique et aux statistiques de consultation.<\/p>\n","protected":false},"excerpt":{"rendered":"<p>\u00c9diteur du site Dirisolar SAS 15 Rue de S\u00e8vres,\u00a092100 Boulogne-Billancourt (Si\u00e8ge Social) 121 Rue d&rsquo;Aguesseau, 92100 Boulogne-Billancourt (Bureaux) SIRET 793 267 865 00012 Directeur de publication Philippe Tixier H\u00e9bergeur OVH 2 Rue Kellerman F-59100 Roubaix Cr\u00e9dit photographique Tous droits r\u00e9serv\u00e9s \u00e0 la Soci\u00e9t\u00e9 Dirisolar SAS. Contenu du site Dirisolar SAS [&hellip;]<\/p>\n","protected":false},"author":7,"featured_media":0,"parent":0,"menu_order":21,"comment_status":"closed","ping_status":"closed","template":"","meta":{"spay_email":""},"yoast_head":"<!-- This site is optimized with the Yoast SEO plugin v15.4 - https:\/\/yoast.com\/wordpress\/plugins\/seo\/ -->\n<title>Mentions l\u00e9gales Dirisolar<\/title>\n<meta name=\"robots\" content=\"index, follow, max-snippet:-1, max-image-preview:large, max-video-preview:-1\" \/>\n<link rel=\"canonical\" href=\"https:\/\/dirisolar.com\/Projets\/mentions-legales\/\" \/>\n<meta property=\"og:locale\" content=\"fr_FR\" \/>\n<meta property=\"og:type\" content=\"article\" \/>\n<meta property=\"og:title\" content=\"Mentions l\u00e9gales Dirisolar\" \/>\n<meta property=\"og:description\" content=\"\u00c9diteur du site Dirisolar SAS 15 Rue de S\u00e8vres,\u00a092100 Boulogne-Billancourt (Si\u00e8ge Social) 121 Rue d&rsquo;Aguesseau, 92100 Boulogne-Billancourt (Bureaux) SIRET 793 267 865 00012 Directeur de publication Philippe Tixier H\u00e9bergeur OVH 2 Rue Kellerman F-59100 Roubaix Cr\u00e9dit photographique Tous droits r\u00e9serv\u00e9s \u00e0 la Soci\u00e9t\u00e9 Dirisolar SAS. Contenu du site Dirisolar SAS [&hellip;]\" \/>\n<meta property=\"og:url\" content=\"https:\/\/dirisolar.com\/Projets\/mentions-legales\/\" \/>\n<meta property=\"og:site_name\" content=\"Dirisolar\" \/>\n<meta property=\"article:publisher\" content=\"https:\/\/www.facebook.com\/DirisolarFR\" \/>\n<meta property=\"article:modified_time\" content=\"2018-10-15T13:29:28+00:00\" \/>\n<meta name=\"twitter:card\" content=\"summary_large_image\" \/>\n<meta name=\"twitter:creator\" content=\"@Dirisolar\" \/>\n<meta name=\"twitter:site\" content=\"@Dirisolar\" \/>\n<meta name=\"twitter:label1\" content=\"\u00c9crit par\">\n\t<meta name=\"twitter:data1\" content=\"Webmaster\">\n\t<meta name=\"twitter:label2\" content=\"Dur\u00e9e de lecture est.\">\n\t<meta name=\"twitter:data2\" content=\"1 minute\">\n<script type=\"application\/ld+json\" class=\"yoast-schema-graph\">{\"@context\":\"https:\/\/schema.org\",\"@graph\":[{\"@type\":\"Organization\",\"@id\":\"https:\/\/dirisolar.com\/Projets\/#organization\",\"name\":\"Dirisolar\",\"url\":\"https:\/\/dirisolar.com\/Projets\/\",\"sameAs\":[\"https:\/\/www.facebook.com\/DirisolarFR\",\"https:\/\/www.instagram.com\/dirisolar\/?hl=fr\",\"https:\/\/www.linkedin.com\/company\/dirisolar\",\"https:\/\/www.youtube.com\/channel\/UCOTzLSS-a7itDgvtlZp1gLw\",\"https:\/\/twitter.com\/Dirisolar\"],\"logo\":{\"@type\":\"ImageObject\",\"@id\":\"https:\/\/dirisolar.com\/Projets\/#logo\",\"inLanguage\":\"fr-FR\",\"url\":\"https:\/\/dirisolar.com\/Projets\/wp-content\/uploads\/2020\/11\/Dirisolar_logo.png\",\"width\":2128,\"height\":736,\"caption\":\"Dirisolar\"},\"image\":{\"@id\":\"https:\/\/dirisolar.com\/Projets\/#logo\"}},{\"@type\":\"WebSite\",\"@id\":\"https:\/\/dirisolar.com\/Projets\/#website\",\"url\":\"https:\/\/dirisolar.com\/Projets\/\",\"name\":\"Dirisolar\",\"description\":\"Another way to fly\",\"publisher\":{\"@id\":\"https:\/\/dirisolar.com\/Projets\/#organization\"},\"potentialAction\":[{\"@type\":\"SearchAction\",\"target\":\"https:\/\/dirisolar.com\/Projets\/?s={search_term_string}\",\"query-input\":\"required name=search_term_string\"}],\"inLanguage\":\"fr-FR\"},{\"@type\":\"WebPage\",\"@id\":\"https:\/\/dirisolar.com\/Projets\/mentions-legales\/#webpage\",\"url\":\"https:\/\/dirisolar.com\/Projets\/mentions-legales\/\",\"name\":\"Mentions l\\u00e9gales Dirisolar\",\"isPartOf\":{\"@id\":\"https:\/\/dirisolar.com\/Projets\/#website\"},\"datePublished\":\"2013-12-10T08:38:23+00:00\",\"dateModified\":\"2018-10-15T13:29:28+00:00\",\"inLanguage\":\"fr-FR\",\"potentialAction\":[{\"@type\":\"ReadAction\",\"target\":[\"https:\/\/dirisolar.com\/Projets\/mentions-legales\/\"]}]}]}<\/script>\n<!-- \/ Yoast SEO plugin. -->","_links":{"self":[{"href":"https:\/\/dirisolar.com\/Projets\/wp-json\/wp\/v2\/pages\/502"}],"collection":[{"href":"https:\/\/dirisolar.com\/Projets\/wp-json\/wp\/v2\/pages"}],"about":[{"href":"https:\/\/dirisolar.com\/Projets\/wp-json\/wp\/v2\/types\/page"}],"author":[{"embeddable":true,"href":"https:\/\/dirisolar.com\/Projets\/wp-json\/wp\/v2\/users\/7"}],"replies":[{"embeddable":true,"href":"https:\/\/dirisolar.com\/Projets\/wp-json\/wp\/v2\/comments?post=502"}],"version-history":[{"count":8,"href":"https:\/\/dirisolar.com\/Projets\/wp-json\/wp\/v2\/pages\/502\/revisions"}],"predecessor-version":[{"id":1122,"href":"https:\/\/dirisolar.com\/Projets\/wp-json\/wp\/v2\/pages\/502\/revisions\/1122"}],"wp:attachment":[{"href":"https:\/\/dirisolar.com\/Projets\/wp-json\/wp\/v2\/media?parent=502"}],"curies":[{"name":"wp","href":"https:\/\/api.w.org\/{rel}","templated":true}]}}