{"id":121,"date":"2013-08-01T18:42:16","date_gmt":"2013-08-01T16:42:16","guid":{"rendered":"http:\/\/dirisolar.com\/Projets\/?page_id=121"},"modified":"2021-09-11T09:33:05","modified_gmt":"2021-09-11T07:33:05","slug":"dirigeables-dhier","status":"publish","type":"page","link":"https:\/\/dirisolar.com\/Projets\/futur-dirigeables\/dirigeables-dhier\/","title":{"rendered":"Dirigeables d&rsquo;hier"},"content":{"rendered":"<h2>Histoire des dirigeables<\/h2>\n<p>L&rsquo;histoire des dirigeables et l&rsquo;aventure du vol humain libre commence le <strong><em>21 novembre 1783.<\/em><\/strong> Pil\u00e2tre de Rozier et le marquis d\u2019Arlandes volent depuis la Muette jusqu\u2019\u00e0 la Butte aux Cailles avec une \u00ab montgolfi\u00e8re \u00bb, un ballon gonfl\u00e9 \u00e0 l\u2019air chaud. Seulement dix jours plus tard, Charles et Robert volent jusqu\u2019\u00e0 3000 m\u00e8tres d\u2019altitude avec un ballon gonfl\u00e9 \u00e0 l\u2019hydrog\u00e8ne. Ces deux ballons ne sont pas \u00ab dirig\u00e9s \u00bb, ils sont pouss\u00e9s par le vent.<\/p>\n<p><em><strong>En 1852<\/strong><\/em>, un ing\u00e9nieur fran\u00e7ais, Henri Giffard, con\u00e7oit et fait voler le premier ballon \u00ab\u00a0dirigeable\u00a0\u00bb, \u00e9quip\u00e9 d\u2019un moteur et d\u2019un h\u00e9lice, qui rallie Paris \u00e0 Saint Quentin en Yvelines.<\/p>\n<p><strong><em>En 1884<\/em><\/strong>, Charles Renard et Arthur Krebs r\u00e9alisent \u00e0 bord du dirigeable \u00ab\u00a0La France\u00a0\u00bb le premier vol en circuit ferm\u00e9, \u00e0 partir du hangar Y \u00e0 Meudon.<\/p>\n<p><em><strong>En 1900<\/strong><\/em>, le comte Ferdinand von Zeppelin<i><b> <\/b><\/i>fait voler son premier dirigeable \u00e0 enveloppe rigide.<\/p>\n<h2><a href=\"http:\/\/dirisolar.com\/Projets\/wp-content\/uploads\/2013\/08\/graf_dirigeable_Z.jpg\"><img loading=\"lazy\" class=\"alignleft size-medium wp-image-381\" src=\"http:\/\/dirisolar.com\/Projets\/wp-content\/uploads\/2013\/08\/graf_dirigeable_Z-300x194.jpg\" alt=\"graf_dirigeable_Z\" width=\"300\" height=\"194\" srcset=\"https:\/\/dirisolar.com\/Projets\/wp-content\/uploads\/2013\/08\/graf_dirigeable_Z-300x194.jpg 300w, https:\/\/dirisolar.com\/Projets\/wp-content\/uploads\/2013\/08\/graf_dirigeable_Z.jpg 600w\" sizes=\"(max-width: 300px) 100vw, 300px\" \/><\/a><\/h2>\n<p><em><strong>1910-1914, <\/strong><\/em>le premi\u00e8re compagnie commerciale de transport a\u00e9rien r\u00e9gulier, la DELAG, voit le jour en Allemagne et transporte plus de cent mille passagers avec des dirigeables.<\/p>\n<p><strong><em>6 mai 1937, <\/em><\/strong>le dirigeable Hindenburg s&rsquo;\u00e9crase dans le New Jersey. Ce tragique accident am\u00e8nera la fin de l\u2019utilisation des dirigeables pour le transport commercial de passagers .<\/p>\n","protected":false},"excerpt":{"rendered":"<p>Histoire des dirigeables L&rsquo;histoire des dirigeables et l&rsquo;aventure du vol humain libre commence le 21 novembre 1783. Pil\u00e2tre de Rozier et le marquis d\u2019Arlandes volent depuis la Muette jusqu\u2019\u00e0 la Butte aux Cailles avec une \u00ab montgolfi\u00e8re \u00bb, un ballon gonfl\u00e9 \u00e0 l\u2019air chaud. Seulement dix jours plus tard, Charles [&hellip;]<\/p>\n","protected":false},"author":1,"featured_media":0,"parent":65,"menu_order":92,"comment_status":"closed","ping_status":"open","template":"","meta":{"spay_email":""},"yoast_head":"<!-- This site is optimized with the Yoast SEO plugin v15.4 - https:\/\/yoast.com\/wordpress\/plugins\/seo\/ -->\n<title>Histoire des dirigeables, un point sur les dirigeables d&#039;hier<\/title>\n<meta name=\"description\" content=\"L&#039;histoire des dirigeables d&#039;hier nous permettent de mieux comprendre les enjeux de demain dans le secteur, venez d\u00e9couvrir notre r\u00e9sum\u00e9 de 1783 \u00e0 1937\" \/>\n<meta name=\"robots\" content=\"index, follow, max-snippet:-1, max-image-preview:large, max-video-preview:-1\" \/>\n<link rel=\"canonical\" href=\"https:\/\/dirisolar.com\/Projets\/futur-dirigeables\/dirigeables-dhier\/\" \/>\n<meta property=\"og:locale\" content=\"fr_FR\" \/>\n<meta property=\"og:type\" content=\"article\" \/>\n<meta property=\"og:title\" content=\"Histoire des dirigeables, un point sur les dirigeables d&#039;hier\" \/>\n<meta property=\"og:description\" content=\"L&#039;histoire des dirigeables d&#039;hier nous permettent de mieux comprendre les enjeux de demain dans le secteur, venez d\u00e9couvrir notre r\u00e9sum\u00e9 de 1783 \u00e0 1937\" \/>\n<meta property=\"og:url\" content=\"https:\/\/dirisolar.com\/Projets\/futur-dirigeables\/dirigeables-dhier\/\" \/>\n<meta property=\"og:site_name\" content=\"Dirisolar\" \/>\n<meta property=\"article:publisher\" content=\"https:\/\/www.facebook.com\/DirisolarFR\" \/>\n<meta property=\"article:modified_time\" content=\"2021-09-11T07:33:05+00:00\" \/>\n<meta property=\"og:image\" content=\"http:\/\/dirisolar.com\/Projets\/wp-content\/uploads\/2013\/08\/graf_dirigeable_Z-300x194.jpg\" \/>\n<meta name=\"twitter:card\" content=\"summary_large_image\" \/>\n<meta name=\"twitter:creator\" content=\"@Dirisolar\" \/>\n<meta name=\"twitter:site\" content=\"@Dirisolar\" \/>\n<meta name=\"twitter:label1\" content=\"\u00c9crit par\">\n\t<meta name=\"twitter:data1\" content=\"admin\">\n\t<meta name=\"twitter:label2\" content=\"Dur\u00e9e de lecture est.\">\n\t<meta name=\"twitter:data2\" content=\"1 minute\">\n<script type=\"application\/ld+json\" class=\"yoast-schema-graph\">{\"@context\":\"https:\/\/schema.org\",\"@graph\":[{\"@type\":\"Organization\",\"@id\":\"http:\/\/dirisolar.com\/Projets\/#organization\",\"name\":\"Dirisolar\",\"url\":\"http:\/\/dirisolar.com\/Projets\/\",\"sameAs\":[\"https:\/\/www.facebook.com\/DirisolarFR\",\"https:\/\/www.instagram.com\/dirisolar\/?hl=fr\",\"https:\/\/www.linkedin.com\/company\/dirisolar\",\"https:\/\/www.youtube.com\/channel\/UCOTzLSS-a7itDgvtlZp1gLw\",\"https:\/\/twitter.com\/Dirisolar\"],\"logo\":{\"@type\":\"ImageObject\",\"@id\":\"http:\/\/dirisolar.com\/Projets\/#logo\",\"inLanguage\":\"fr-FR\",\"url\":\"https:\/\/dirisolar.com\/Projets\/wp-content\/uploads\/2020\/11\/Dirisolar_logo.png\",\"width\":2128,\"height\":736,\"caption\":\"Dirisolar\"},\"image\":{\"@id\":\"http:\/\/dirisolar.com\/Projets\/#logo\"}},{\"@type\":\"WebSite\",\"@id\":\"http:\/\/dirisolar.com\/Projets\/#website\",\"url\":\"http:\/\/dirisolar.com\/Projets\/\",\"name\":\"Dirisolar\",\"description\":\"Another way to fly\",\"publisher\":{\"@id\":\"http:\/\/dirisolar.com\/Projets\/#organization\"},\"potentialAction\":[{\"@type\":\"SearchAction\",\"target\":\"http:\/\/dirisolar.com\/Projets\/?s={search_term_string}\",\"query-input\":\"required name=search_term_string\"}],\"inLanguage\":\"fr-FR\"},{\"@type\":\"ImageObject\",\"@id\":\"https:\/\/dirisolar.com\/Projets\/futur-dirigeables\/dirigeables-dhier\/#primaryimage\",\"inLanguage\":\"fr-FR\",\"url\":\"http:\/\/dirisolar.com\/Projets\/wp-content\/uploads\/2013\/08\/graf_dirigeable_Z-300x194.jpg\"},{\"@type\":\"WebPage\",\"@id\":\"https:\/\/dirisolar.com\/Projets\/futur-dirigeables\/dirigeables-dhier\/#webpage\",\"url\":\"https:\/\/dirisolar.com\/Projets\/futur-dirigeables\/dirigeables-dhier\/\",\"name\":\"Histoire des dirigeables, un point sur les dirigeables d'hier\",\"isPartOf\":{\"@id\":\"http:\/\/dirisolar.com\/Projets\/#website\"},\"primaryImageOfPage\":{\"@id\":\"https:\/\/dirisolar.com\/Projets\/futur-dirigeables\/dirigeables-dhier\/#primaryimage\"},\"datePublished\":\"2013-08-01T16:42:16+00:00\",\"dateModified\":\"2021-09-11T07:33:05+00:00\",\"description\":\"L'histoire des dirigeables d'hier nous permettent de mieux comprendre les enjeux de demain dans le secteur, venez d\\u00e9couvrir notre r\\u00e9sum\\u00e9 de 1783 \\u00e0 1937\",\"inLanguage\":\"fr-FR\",\"potentialAction\":[{\"@type\":\"ReadAction\",\"target\":[\"https:\/\/dirisolar.com\/Projets\/futur-dirigeables\/dirigeables-dhier\/\"]}]}]}<\/script>\n<!-- \/ Yoast SEO plugin. -->","_links":{"self":[{"href":"https:\/\/dirisolar.com\/Projets\/wp-json\/wp\/v2\/pages\/121"}],"collection":[{"href":"https:\/\/dirisolar.com\/Projets\/wp-json\/wp\/v2\/pages"}],"about":[{"href":"https:\/\/dirisolar.com\/Projets\/wp-json\/wp\/v2\/types\/page"}],"author":[{"embeddable":true,"href":"https:\/\/dirisolar.com\/Projets\/wp-json\/wp\/v2\/users\/1"}],"replies":[{"embeddable":true,"href":"https:\/\/dirisolar.com\/Projets\/wp-json\/wp\/v2\/comments?post=121"}],"version-history":[{"count":8,"href":"https:\/\/dirisolar.com\/Projets\/wp-json\/wp\/v2\/pages\/121\/revisions"}],"predecessor-version":[{"id":1500,"href":"https:\/\/dirisolar.com\/Projets\/wp-json\/wp\/v2\/pages\/121\/revisions\/1500"}],"up":[{"embeddable":true,"href":"https:\/\/dirisolar.com\/Projets\/wp-json\/wp\/v2\/pages\/65"}],"wp:attachment":[{"href":"https:\/\/dirisolar.com\/Projets\/wp-json\/wp\/v2\/media?parent=121"}],"curies":[{"name":"wp","href":"https:\/\/api.w.org\/{rel}","templated":true}]}}