{"id":832,"date":"2017-06-08T11:19:50","date_gmt":"2017-06-08T09:19:50","guid":{"rendered":"http:\/\/dirisolar.com\/Projets\/?page_id=832"},"modified":"2017-07-31T09:13:40","modified_gmt":"2017-07-31T07:13:40","slug":"securite","status":"publish","type":"page","link":"http:\/\/dirisolar.com\/Projets\/projets\/securite\/","title":{"rendered":"S\u00e9curit\u00e9"},"content":{"rendered":"<h2><b>Une s\u00e9curit\u00e9 optimis\u00e9e<\/b><\/h2>\n<p>Pour un appareil volant, les deux pr\u00e9occupations majeures de s\u00e9curit\u00e9 sont :<\/p>\n<ul>\n<li>la s\u00e9curit\u00e9 des passagers embarqu\u00e9s<\/li>\n<li>la s\u00e9curit\u00e9 des personnes et biens au sol en cas de chute de l&rsquo;appareil.<\/li>\n<\/ul>\n<p>Le DS 1500 pr\u00e9sente des avantages en termes de s\u00e9curit\u00e9:<\/p>\n<ul>\n<li>En cas de panne de propulsion, il ne tombe pas, mais d\u00e9rive. Il devient un ballon. La s\u00e9curit\u00e9 d&rsquo;un ballon est un art aujourd&rsquo;hui ma\u00eetris\u00e9.<\/li>\n<li>En cas de perte de gaz porteur, la chute est lente, et si la man\u0153uvrabilit\u00e9 peut \u00eatre suppos\u00e9e intacte (principe d&rsquo;ind\u00e9pendance des pannes majeures), l&rsquo;appareil pourra atterrir en un lieu choisi, sans dommages s\u00e9rieux pour les passagers et les biens ou personnes au sol. En fait la s\u00e9curit\u00e9 d&rsquo;un dirigeable con\u00e7u sans besoin d&rsquo;\u00e9quipe au sol pour atterrir est dans tous les cas sup\u00e9rieure \u00e0 celle d&rsquo;un ballon \u00e0 gaz, laquelle est aujourd&rsquo;hui satisfaisante (de nombreux ballons \u00e0 gaz sont en service).<\/li>\n<\/ul>\n<p>Le d\u00e9monstrateur DS 1500 permettra d&rsquo;exp\u00e9rimenter en conditions r\u00e9elles tous les sc\u00e9narios de panne envisageable<\/p>\n","protected":false},"excerpt":{"rendered":"<p>Une s\u00e9curit\u00e9 optimis\u00e9e Pour un appareil volant, les deux pr\u00e9occupations majeures de s\u00e9curit\u00e9 sont : la s\u00e9curit\u00e9 des passagers embarqu\u00e9s la s\u00e9curit\u00e9 des personnes et biens au sol en cas de chute de l&rsquo;appareil. Le DS 1500 pr\u00e9sente des avantages en termes de s\u00e9curit\u00e9: En cas de panne de propulsion, [&hellip;]<\/p>\n","protected":false},"author":4,"featured_media":0,"parent":28,"menu_order":34,"comment_status":"closed","ping_status":"closed","template":"","meta":{"spay_email":""},"yoast_head":"<!-- This site is optimized with the Yoast SEO plugin v15.4 - https:\/\/yoast.com\/wordpress\/plugins\/seo\/ -->\n<title>S\u00e9curit\u00e9 Dirisolar<\/title>\n<meta name=\"robots\" content=\"index, follow, max-snippet:-1, max-image-preview:large, max-video-preview:-1\" \/>\n<link rel=\"canonical\" href=\"http:\/\/dirisolar.com\/Projets\/projets\/securite\/\" \/>\n<meta property=\"og:locale\" content=\"fr_FR\" \/>\n<meta property=\"og:type\" content=\"article\" \/>\n<meta property=\"og:title\" content=\"S\u00e9curit\u00e9 Dirisolar\" \/>\n<meta property=\"og:description\" content=\"Une s\u00e9curit\u00e9 optimis\u00e9e Pour un appareil volant, les deux pr\u00e9occupations majeures de s\u00e9curit\u00e9 sont : la s\u00e9curit\u00e9 des passagers embarqu\u00e9s la s\u00e9curit\u00e9 des personnes et biens au sol en cas de chute de l&rsquo;appareil. Le DS 1500 pr\u00e9sente des avantages en termes de s\u00e9curit\u00e9: En cas de panne de propulsion, [&hellip;]\" \/>\n<meta property=\"og:url\" content=\"http:\/\/dirisolar.com\/Projets\/projets\/securite\/\" \/>\n<meta property=\"og:site_name\" content=\"Dirisolar\" \/>\n<meta property=\"article:publisher\" content=\"https:\/\/www.facebook.com\/DirisolarFR\" \/>\n<meta property=\"article:modified_time\" content=\"2017-07-31T07:13:40+00:00\" \/>\n<meta name=\"twitter:card\" content=\"summary_large_image\" \/>\n<meta name=\"twitter:creator\" content=\"@Dirisolar\" \/>\n<meta name=\"twitter:site\" content=\"@Dirisolar\" \/>\n<meta name=\"twitter:label1\" content=\"\u00c9crit par\">\n\t<meta name=\"twitter:data1\" content=\"Philippe Tixier\">\n\t<meta name=\"twitter:label2\" content=\"Dur\u00e9e de lecture est.\">\n\t<meta name=\"twitter:data2\" content=\"1 minute\">\n<script type=\"application\/ld+json\" class=\"yoast-schema-graph\">{\"@context\":\"https:\/\/schema.org\",\"@graph\":[{\"@type\":\"Organization\",\"@id\":\"http:\/\/dirisolar.com\/Projets\/#organization\",\"name\":\"Dirisolar\",\"url\":\"http:\/\/dirisolar.com\/Projets\/\",\"sameAs\":[\"https:\/\/www.facebook.com\/DirisolarFR\",\"https:\/\/www.instagram.com\/dirisolar\/?hl=fr\",\"https:\/\/www.linkedin.com\/company\/dirisolar\",\"https:\/\/www.youtube.com\/channel\/UCOTzLSS-a7itDgvtlZp1gLw\",\"https:\/\/twitter.com\/Dirisolar\"],\"logo\":{\"@type\":\"ImageObject\",\"@id\":\"http:\/\/dirisolar.com\/Projets\/#logo\",\"inLanguage\":\"fr-FR\",\"url\":\"http:\/\/dirisolar.com\/Projets\/wp-content\/uploads\/2020\/11\/Dirisolar_logo.png\",\"width\":2128,\"height\":736,\"caption\":\"Dirisolar\"},\"image\":{\"@id\":\"http:\/\/dirisolar.com\/Projets\/#logo\"}},{\"@type\":\"WebSite\",\"@id\":\"http:\/\/dirisolar.com\/Projets\/#website\",\"url\":\"http:\/\/dirisolar.com\/Projets\/\",\"name\":\"Dirisolar\",\"description\":\"Another way to fly\",\"publisher\":{\"@id\":\"http:\/\/dirisolar.com\/Projets\/#organization\"},\"potentialAction\":[{\"@type\":\"SearchAction\",\"target\":\"http:\/\/dirisolar.com\/Projets\/?s={search_term_string}\",\"query-input\":\"required name=search_term_string\"}],\"inLanguage\":\"fr-FR\"},{\"@type\":\"WebPage\",\"@id\":\"http:\/\/dirisolar.com\/Projets\/projets\/securite\/#webpage\",\"url\":\"http:\/\/dirisolar.com\/Projets\/projets\/securite\/\",\"name\":\"S\\u00e9curit\\u00e9 Dirisolar\",\"isPartOf\":{\"@id\":\"http:\/\/dirisolar.com\/Projets\/#website\"},\"datePublished\":\"2017-06-08T09:19:50+00:00\",\"dateModified\":\"2017-07-31T07:13:40+00:00\",\"inLanguage\":\"fr-FR\",\"potentialAction\":[{\"@type\":\"ReadAction\",\"target\":[\"http:\/\/dirisolar.com\/Projets\/projets\/securite\/\"]}]}]}<\/script>\n<!-- \/ Yoast SEO plugin. -->","_links":{"self":[{"href":"http:\/\/dirisolar.com\/Projets\/wp-json\/wp\/v2\/pages\/832"}],"collection":[{"href":"http:\/\/dirisolar.com\/Projets\/wp-json\/wp\/v2\/pages"}],"about":[{"href":"http:\/\/dirisolar.com\/Projets\/wp-json\/wp\/v2\/types\/page"}],"author":[{"embeddable":true,"href":"http:\/\/dirisolar.com\/Projets\/wp-json\/wp\/v2\/users\/4"}],"replies":[{"embeddable":true,"href":"http:\/\/dirisolar.com\/Projets\/wp-json\/wp\/v2\/comments?post=832"}],"version-history":[{"count":2,"href":"http:\/\/dirisolar.com\/Projets\/wp-json\/wp\/v2\/pages\/832\/revisions"}],"predecessor-version":[{"id":1091,"href":"http:\/\/dirisolar.com\/Projets\/wp-json\/wp\/v2\/pages\/832\/revisions\/1091"}],"up":[{"embeddable":true,"href":"http:\/\/dirisolar.com\/Projets\/wp-json\/wp\/v2\/pages\/28"}],"wp:attachment":[{"href":"http:\/\/dirisolar.com\/Projets\/wp-json\/wp\/v2\/media?parent=832"}],"curies":[{"name":"wp","href":"https:\/\/api.w.org\/{rel}","templated":true}]}}