{"id":69,"date":"2013-08-01T17:46:44","date_gmt":"2013-08-01T15:46:44","guid":{"rendered":"http:\/\/dirisolar.com\/Projets\/?page_id=69"},"modified":"2021-09-11T09:30:27","modified_gmt":"2021-09-11T07:30:27","slug":"histoires-dirigeables","status":"publish","type":"page","link":"http:\/\/dirisolar.com\/Projets\/futur-dirigeables\/histoires-dirigeables\/","title":{"rendered":"Dirigeables de demain"},"content":{"rendered":"<p>Les innovations essentielles dans les projets actuels de dirigeables se concentrent dans quatre directions distinctes\u00a0:<\/p>\n<ol>\n<li><em><strong>Vectorisation<\/strong><\/em><\/li>\n<\/ol>\n<p>Il s\u2019agit essentiellement de renforcer la puissance des moteurs et des h\u00e9lices, pour esp\u00e9rer \u00eatre plus fort que les effets complexes et mal ma\u00eetris\u00e9s du vent pr\u00e8s du sol.<\/p>\n<ol start=\"2\">\n<li><strong><em>Variation de portance<\/em><\/strong><\/li>\n<\/ol>\n<p>En vol, la portance du dirigeable est \u00e9gale ou tr\u00e8s proche de son poids. C\u2019est pour cette raison que l\u2019appareil est malmen\u00e9 pr\u00e8s du sol dans le vent\u00a0: le vent le soul\u00e8ve trop facilement et l\u2019emp\u00eache d\u2019atterrir. La variation de portance consiste \u00e0 comprimer une partie de l\u2019h\u00e9lium dans des r\u00e9servoirs sous pression \u00e0 bord. Le dirigeable devient ainsi \u00ab\u00a0plus lourd que l\u2019air\u00a0\u00bb, et son poids le plaque au sol \u00e0 l\u2019atterrissage.<\/p>\n<ol start=\"3\">\n<li><strong><em>Hybridation<\/em><\/strong><\/li>\n<\/ol>\n<p>Le parti est pris d\u2019\u00eatre toujours \u00ab\u00a0plus lourd que l\u2019air\u00a0\u00bb, au d\u00e9collage comme en vol. Quand il a une vitesse par rapport \u00e0 l\u2019air, le dirigeable est cabr\u00e9 de fa\u00e7on \u00e0 cr\u00e9er une portance \u00ab\u00a0dynamique\u00a0\u00bbcompl\u00e9mentaire \u00e0 la portance \u00ab\u00a0statique\u00a0\u00bb de l\u2019h\u00e9lium. Quand il d\u00e9colle et quand il se pose, des h\u00e9lices assurent le compl\u00e9ment de portance n\u00e9cessaire.<\/p>\n<ol start=\"4\">\n<li><strong><em>Fond plat \u00e0 coque rigide<\/em><\/strong>\n<p><div id=\"attachment_274\" style=\"width: 310px\" class=\"wp-caption alignright\"><a href=\"http:\/\/dirisolar.com\/Projets\/wp-content\/uploads\/2013\/10\/DS1500_Dirigeable_Dirisolar.jpg\"><img aria-describedby=\"caption-attachment-274\" loading=\"lazy\" class=\"size-medium wp-image-274 \" style=\"margin-top: 4px; margin-bottom: 4px;\" title=\"Dirisolar DS1500\" src=\"http:\/\/dirisolar.com\/Projets\/wp-content\/uploads\/2013\/10\/DS1500_Dirigeable_Dirisolar-300x128.jpg\" alt=\"DS1500_Dirigeable_Dirisolar\" width=\"300\" height=\"128\" srcset=\"http:\/\/dirisolar.com\/Projets\/wp-content\/uploads\/2013\/10\/DS1500_Dirigeable_Dirisolar-300x128.jpg 300w, http:\/\/dirisolar.com\/Projets\/wp-content\/uploads\/2013\/10\/DS1500_Dirigeable_Dirisolar-1024x437.jpg 1024w, http:\/\/dirisolar.com\/Projets\/wp-content\/uploads\/2013\/10\/DS1500_Dirigeable_Dirisolar.jpg 1170w\" sizes=\"(max-width: 300px) 100vw, 300px\" \/><\/a><p id=\"caption-attachment-274\" class=\"wp-caption-text\">Dirisolar DS1500<\/p><\/div><\/li>\n<\/ol>\n<p>La forme de l\u2019enveloppe est dissym\u00e9trique entre le haut et le bas. Le haut est bien galb\u00e9 tandis que le bas l&rsquo;est moins et proche d\u2019une surface plane. Cette dissym\u00e9trie fait que pr\u00e8s du sol, le vent plaque l\u2019appareil au sol au lieu de le soulever.<\/p>\n<h2><\/h2>\n<h2><\/h2>\n<h2><\/h2>\n<h2>Dirigeables aujourd&rsquo;hui dans le monde et en France<\/h2>\n<p>Les progr\u00e8s technologiques de ces trente derni\u00e8res ann\u00e9es dans de nombreuses industries apportent des possibilit\u00e9s nouvelles et essentielles pour les dirigeables.<\/p>\n<p>Dans les mat\u00e9riaux, dans les tissus et les tendeurs, dans les moteurs \u00e9lectriques, les batteries et les capteurs solaires, les avanc\u00e9es viennent servir les projets de nouveaux dirigeables. Les logiciels tr\u00e8s performants d&rsquo;aujourd&rsquo;hui permettent des dimensionnements et des simulations num\u00e9riques de vol qui ouvrent des perspectives immenses.<\/p>\n<h2><b><a href=\"http:\/\/dirisolar.com\/Projets\/wp-content\/uploads\/2013\/10\/ZeppelinNT.jpg\"><img loading=\"lazy\" class=\"wp-image-379 \" style=\"margin: 4px;\" title=\"Zeppelin NT\" src=\"http:\/\/dirisolar.com\/Projets\/wp-content\/uploads\/2013\/10\/ZeppelinNT-300x167.jpg\" alt=\"ZeppelinNT\" width=\"270\" height=\"150\" srcset=\"http:\/\/dirisolar.com\/Projets\/wp-content\/uploads\/2013\/10\/ZeppelinNT-300x167.jpg 300w, http:\/\/dirisolar.com\/Projets\/wp-content\/uploads\/2013\/10\/ZeppelinNT.jpg 477w\" sizes=\"(max-width: 270px) 100vw, 270px\" \/><\/a><\/b><\/h2>\n<p>En 2001 a eu lieu la mise en service du Zeppelin NT en Allemagne. Il s\u2019agit du seul appareil effectuant aujourd\u2019hui des vols commerciaux. Ce dirigeable atteint une disponibilit\u00e9 de l\u2019ordre de 66%, sup\u00e9rieure \u00e0 celle de tous les autres dirigeables existant ou ayant exist\u00e9. Mais ce taux in\u00e9gal\u00e9 de disponibilit\u00e9 n\u2019a pas permis \u00e0 cet appareil le succ\u00e8s commercial tant attendu : six appareils seulement ont \u00e9t\u00e9 vendus depuis 2001.<\/p>\n<p>Apr\u00e8s la mise en service du Zeppelin NT, le renouveau des dirigeables est lanc\u00e9. Une trentaine de projets innovants sont n\u00e9s aux USA, en Angleterre, en Allemagne, en Russie et en France, o\u00f9 ils sont les plus nombreux. La cr\u00e9ation en 1998 de la classe 5 ULM a permis \u00e0 huit chercheurs\/entrepreneurs individuels, passionn\u00e9s par la probl\u00e9matique du dirigeable, de r\u00e9aliser un prototype habit\u00e9 comportant chacun une innovation majeure. La r\u00e9glementation fran\u00e7aise permet en effet \u00e0 ces appareils homologu\u00e9s ULM de voler sous la seule responsabilit\u00e9 du constructeur, sans avoir besoin de certification ou d\u2019autorisation par les organismes \u00e9tatiques. Cette facilit\u00e9, que nous envient les autres pays, doit absolument \u00eatre pr\u00e9serv\u00e9e.<\/p>\n<p>Gr\u00e2ce \u00e0 ces facilit\u00e9s, c&rsquo;est en France que l&rsquo;\u00e9mulation est la plus forte entre les porteurs de projet et que la mutualisation des avanc\u00e9es s&rsquo;effectue le mieux et au b\u00e9n\u00e9fice de tous.<\/p>\n<p>Ainsi est-il aujourd&rsquo;hui probable que la perc\u00e9e d\u00e9cisive du renouveau des dirigeables aura lieu en France.<\/p>\n","protected":false},"excerpt":{"rendered":"<p>Les innovations essentielles dans les projets actuels de dirigeables se concentrent dans quatre directions distinctes\u00a0: Vectorisation Il s\u2019agit essentiellement de renforcer la puissance des moteurs et des h\u00e9lices, pour esp\u00e9rer \u00eatre plus fort que les effets complexes et mal ma\u00eetris\u00e9s du vent pr\u00e8s du sol. Variation de portance En vol, [&hellip;]<\/p>\n","protected":false},"author":1,"featured_media":0,"parent":65,"menu_order":91,"comment_status":"closed","ping_status":"open","template":"","meta":{"spay_email":""},"yoast_head":"<!-- This site is optimized with the Yoast SEO plugin v15.4 - https:\/\/yoast.com\/wordpress\/plugins\/seo\/ -->\n<title>Les dirigeables de demain et les projets d&#039;aujourd&#039;hui<\/title>\n<meta name=\"description\" content=\"Les dirigeables de demain se concentrent sur quatre innovations essentielles: la vectorisation, la variation de portance, l&#039;hybridation et le fond plat\" \/>\n<meta name=\"robots\" content=\"index, follow, max-snippet:-1, max-image-preview:large, max-video-preview:-1\" \/>\n<link rel=\"canonical\" href=\"http:\/\/dirisolar.com\/Projets\/futur-dirigeables\/histoires-dirigeables\/\" \/>\n<meta property=\"og:locale\" content=\"fr_FR\" \/>\n<meta property=\"og:type\" content=\"article\" \/>\n<meta property=\"og:title\" content=\"Les dirigeables de demain et les projets d&#039;aujourd&#039;hui\" \/>\n<meta property=\"og:description\" content=\"Les dirigeables de demain se concentrent sur quatre innovations essentielles: la vectorisation, la variation de portance, l&#039;hybridation et le fond plat\" \/>\n<meta property=\"og:url\" content=\"http:\/\/dirisolar.com\/Projets\/futur-dirigeables\/histoires-dirigeables\/\" \/>\n<meta property=\"og:site_name\" content=\"Dirisolar\" \/>\n<meta property=\"article:publisher\" content=\"https:\/\/www.facebook.com\/DirisolarFR\" \/>\n<meta property=\"article:modified_time\" content=\"2021-09-11T07:30:27+00:00\" \/>\n<meta property=\"og:image\" content=\"http:\/\/dirisolar.com\/Projets\/wp-content\/uploads\/2013\/10\/DS1500_Dirigeable_Dirisolar-300x128.jpg\" \/>\n<meta name=\"twitter:card\" content=\"summary_large_image\" \/>\n<meta name=\"twitter:creator\" content=\"@Dirisolar\" \/>\n<meta name=\"twitter:site\" content=\"@Dirisolar\" \/>\n<meta name=\"twitter:label1\" content=\"\u00c9crit par\">\n\t<meta name=\"twitter:data1\" content=\"admin\">\n\t<meta name=\"twitter:label2\" content=\"Dur\u00e9e de lecture est.\">\n\t<meta name=\"twitter:data2\" content=\"2 minutes\">\n<script type=\"application\/ld+json\" class=\"yoast-schema-graph\">{\"@context\":\"https:\/\/schema.org\",\"@graph\":[{\"@type\":\"Organization\",\"@id\":\"https:\/\/dirisolar.com\/Projets\/#organization\",\"name\":\"Dirisolar\",\"url\":\"https:\/\/dirisolar.com\/Projets\/\",\"sameAs\":[\"https:\/\/www.facebook.com\/DirisolarFR\",\"https:\/\/www.instagram.com\/dirisolar\/?hl=fr\",\"https:\/\/www.linkedin.com\/company\/dirisolar\",\"https:\/\/www.youtube.com\/channel\/UCOTzLSS-a7itDgvtlZp1gLw\",\"https:\/\/twitter.com\/Dirisolar\"],\"logo\":{\"@type\":\"ImageObject\",\"@id\":\"https:\/\/dirisolar.com\/Projets\/#logo\",\"inLanguage\":\"fr-FR\",\"url\":\"http:\/\/dirisolar.com\/Projets\/wp-content\/uploads\/2020\/11\/Dirisolar_logo.png\",\"width\":2128,\"height\":736,\"caption\":\"Dirisolar\"},\"image\":{\"@id\":\"https:\/\/dirisolar.com\/Projets\/#logo\"}},{\"@type\":\"WebSite\",\"@id\":\"https:\/\/dirisolar.com\/Projets\/#website\",\"url\":\"https:\/\/dirisolar.com\/Projets\/\",\"name\":\"Dirisolar\",\"description\":\"Another way to fly\",\"publisher\":{\"@id\":\"https:\/\/dirisolar.com\/Projets\/#organization\"},\"potentialAction\":[{\"@type\":\"SearchAction\",\"target\":\"https:\/\/dirisolar.com\/Projets\/?s={search_term_string}\",\"query-input\":\"required name=search_term_string\"}],\"inLanguage\":\"fr-FR\"},{\"@type\":\"ImageObject\",\"@id\":\"http:\/\/dirisolar.com\/Projets\/futur-dirigeables\/histoires-dirigeables\/#primaryimage\",\"inLanguage\":\"fr-FR\",\"url\":\"http:\/\/dirisolar.com\/Projets\/wp-content\/uploads\/2013\/10\/DS1500_Dirigeable_Dirisolar.jpg\",\"width\":1170,\"height\":500},{\"@type\":\"WebPage\",\"@id\":\"http:\/\/dirisolar.com\/Projets\/futur-dirigeables\/histoires-dirigeables\/#webpage\",\"url\":\"http:\/\/dirisolar.com\/Projets\/futur-dirigeables\/histoires-dirigeables\/\",\"name\":\"Les dirigeables de demain et les projets d'aujourd'hui\",\"isPartOf\":{\"@id\":\"https:\/\/dirisolar.com\/Projets\/#website\"},\"primaryImageOfPage\":{\"@id\":\"http:\/\/dirisolar.com\/Projets\/futur-dirigeables\/histoires-dirigeables\/#primaryimage\"},\"datePublished\":\"2013-08-01T15:46:44+00:00\",\"dateModified\":\"2021-09-11T07:30:27+00:00\",\"description\":\"Les dirigeables de demain se concentrent sur quatre innovations essentielles: la vectorisation, la variation de portance, l'hybridation et le fond plat\",\"inLanguage\":\"fr-FR\",\"potentialAction\":[{\"@type\":\"ReadAction\",\"target\":[\"http:\/\/dirisolar.com\/Projets\/futur-dirigeables\/histoires-dirigeables\/\"]}]}]}<\/script>\n<!-- \/ Yoast SEO plugin. -->","_links":{"self":[{"href":"http:\/\/dirisolar.com\/Projets\/wp-json\/wp\/v2\/pages\/69"}],"collection":[{"href":"http:\/\/dirisolar.com\/Projets\/wp-json\/wp\/v2\/pages"}],"about":[{"href":"http:\/\/dirisolar.com\/Projets\/wp-json\/wp\/v2\/types\/page"}],"author":[{"embeddable":true,"href":"http:\/\/dirisolar.com\/Projets\/wp-json\/wp\/v2\/users\/1"}],"replies":[{"embeddable":true,"href":"http:\/\/dirisolar.com\/Projets\/wp-json\/wp\/v2\/comments?post=69"}],"version-history":[{"count":29,"href":"http:\/\/dirisolar.com\/Projets\/wp-json\/wp\/v2\/pages\/69\/revisions"}],"predecessor-version":[{"id":1498,"href":"http:\/\/dirisolar.com\/Projets\/wp-json\/wp\/v2\/pages\/69\/revisions\/1498"}],"up":[{"embeddable":true,"href":"http:\/\/dirisolar.com\/Projets\/wp-json\/wp\/v2\/pages\/65"}],"wp:attachment":[{"href":"http:\/\/dirisolar.com\/Projets\/wp-json\/wp\/v2\/media?parent=69"}],"curies":[{"name":"wp","href":"https:\/\/api.w.org\/{rel}","templated":true}]}}