{"id":50,"date":"2013-08-01T17:32:02","date_gmt":"2013-08-01T15:32:02","guid":{"rendered":"http:\/\/dirisolar.com\/Projets\/?page_id=50"},"modified":"2017-07-31T15:15:50","modified_gmt":"2017-07-31T13:15:50","slug":"dons","status":"publish","type":"page","link":"http:\/\/dirisolar.com\/Projets\/dons\/","title":{"rendered":"Soutenez le projet"},"content":{"rendered":"<p><iframe title=\"DIRISOLAR volez comme vous voulez \/ fly easy, fly forever\" width=\"750\" height=\"422\" src=\"https:\/\/www.youtube.com\/embed\/rKFSfHUdzmk?feature=oembed\" frameborder=\"0\" allow=\"accelerometer; autoplay; encrypted-media; gyroscope; picture-in-picture\" allowfullscreen><\/iframe><\/p>\n<p>Pourquoi donner ou investir dans le projet Dirisolar DS 1500, le dirigeable de demain :<\/p>\n<p><a href=\"http:\/\/dirisolar.com\/Projets\/wp-content\/uploads\/2017\/05\/Rendu-DS1500-ciel-07.jpg\"><img loading=\"lazy\" class=\"alignleft size-medium wp-image-778\" src=\"http:\/\/dirisolar.com\/Projets\/wp-content\/uploads\/2017\/05\/Rendu-DS1500-ciel-07-300x140.jpg\" alt=\"Rendu DS1500 ciel 07\" width=\"300\" height=\"140\" \/><\/a><\/p>\n<p>&nbsp;<\/p>\n<p>&nbsp;<\/p>\n<p>&nbsp;<\/p>\n<p>&nbsp;<\/p>\n<p>&nbsp;<\/p>\n<p>&nbsp;<\/p>\n<p><b><i><span style=\"text-decoration: underline;\">Il fait appel \u00e0 une technologie r\u00e9volutionnaire\u00a0:<\/span><\/i><\/b><\/p>\n<p>Gr\u00e2ce \u00e0 l&rsquo;invention brevet\u00e9e du fond plat, <strong>Dirisolar<\/strong>\u00a0d\u00e9veloppe le DS1500, un dirigeable solaire pr\u00e9vu pour le transport de 5 personnes. Il est\u00a0<strong>capable d&rsquo;op\u00e9rer par vents forts et sans \u00e9quipe au sol<\/strong> et ainsi apporte une solution radicale \u00e0 la probl\u00e9matique historique des dirigeables, la maniabilit\u00e9 insuffisante au niveau du sol.<\/p>\n<p><span style=\"text-decoration: underline;\"><em><strong>Il r\u00e9pond \u00e0 l\u2019attente des clients :<\/strong><\/em><\/span><\/p>\n<p>Cet appareil r\u00e9pond \u00e0 une demande des op\u00e9rateurs touristiques. Une montgolfi\u00e8re transporte en moyenne 360 passagers par an car extr\u00eamement sensible aux conditions m\u00e9t\u00e9orologiques. Un DS1500 pourra\u00a0<strong>faire voler 10.000 passagers par an<\/strong>.<\/p>\n<p><span style=\"text-decoration: underline;\"><em><strong>L&rsquo;\u00e9tude de march\u00e9 et le business plan sont des plus convaincants :<\/strong><\/em><\/span><\/p>\n<p>L\u2019objectif \u00e0 court terme de ce projet est la mise en service du DS1500 au Mont Saint Michel pour effectuer des vols touristiques. L&rsquo;\u00e9tude de march\u00e9 r\u00e9alis\u00e9e sur place par Junior ESSEC montre que deux visiteurs sur trois sont partants, sachant qu&rsquo;<strong>ils voleront \u00e0 l&rsquo;heure du rendez-vous programm\u00e9<\/strong>. Le business plan, \u00e9tabli par Junior ESSEC Conseil, pr\u00e9voit un <strong>chiffre d\u2019affaires annuel de 2 millions d\u2019euros<\/strong>, avec\u00a0un EBITDA (marge brute) de 58%. Cette rentabilit\u00e9 in\u00e9dite r\u00e9sulte de la suppression de l&rsquo;\u00e9quipe au sol et de la r\u00e9gularit\u00e9 du service de l&rsquo;appareil.<\/p>\n<p>Nous avons aujourd&rsquo;hui besoin d\u2019investisseurs pour construire le premier appareil. Pourquoi pas vous ?<\/p>\n<p>Si vous \u00eates s\u00e9duit, merci aussi de partager ce message sur vos r\u00e9seaux. Vous aurez contribu\u00e9 \u00e0 faire de ce projet enthousiasmant une r\u00e9alit\u00e9.<\/p>\n<p>Un grand merci pour l&rsquo;int\u00e9r\u00eat et l&rsquo;appui que vous apportez \u00e0 Dirisolar.<\/p>\n<p>Courriel: philippe.tixier@dirisolar.com<\/p>\n<p>T\u00e9l\u00e9phone: 06 88 21 24 58<\/p>\n<p>&nbsp;<\/p>\n<h2><span style=\"color: #000080;\"><strong>Je fais un don<\/strong><\/span><\/h2>\n<div class=\"paypalBtn\" style=\"padding-left: 30px;\"><!-- Begin PayPal Donations by https:\/\/www.tipsandtricks-hq.com\/paypal-donations-widgets-plugin -->\n\n<form action=\"https:\/\/www.paypal.com\/cgi-bin\/webscr\" method=\"post\" target=\"_blank\">\n    <div class=\"paypal-donations\">\n        <input type=\"hidden\" name=\"cmd\" value=\"_donations\" \/>\n        <input type=\"hidden\" name=\"bn\" value=\"TipsandTricks_SP\" \/>\n        <input type=\"hidden\" name=\"business\" value=\"philoutixier@gmail.com\" \/>\n        <input type=\"hidden\" name=\"item_name\" value=\"Donation\" \/>\n        <input type=\"hidden\" name=\"rm\" value=\"0\" \/>\n        <input type=\"hidden\" name=\"currency_code\" value=\"EUR\" \/>\n        <input type=\"image\" style=\"cursor: pointer;\" src=\"https:\/\/www.paypalobjects.com\/fr_FR\/FR\/i\/btn\/btn_donate_LG.gif\" name=\"submit\" alt=\"PayPal - The safer, easier way to pay online.\" \/>\n        <img alt=\"\" src=\"https:\/\/www.paypal.com\/en_US\/i\/scr\/pixel.gif\" width=\"1\" height=\"1\" \/>\n    <\/div>\n<\/form>\n<!-- End PayPal Donations -->\n<\/div>\n<p style=\"text-align: left; padding-left: 30px;\"><strong><span style=\"color: #333399;\">Agir pour l&rsquo;environnement, <\/span><\/strong><span style=\"color: #333399;\">c&rsquo;est (r\u00e9)inventer les moyens de transports de demain.<br \/>\nPour contribuer au<strong> d\u00e9veloppement du dirigeable solaire, <\/strong>innovation fran\u00e7aise, <strong>faites un don !<\/strong><\/span><\/p>\n<p style=\"text-align: left; padding-left: 30px;\"><span style=\"color: #333399;\">Dons<\/span><strong><span style=\"color: #333399;\"> \u00e0 partir de 40\u20ac .<\/span> <\/strong><\/p>\n<p style=\"padding-left: 30px;\"><span style=\"color: #333399;\">Inscrire le montant souhait<\/span><span style=\"color: #333399;\">\u00e9 <\/span><span style=\"color: #333399;\">dans la case \u00e0 droite (paypal)<\/span><strong><span style=\"color: #333399;\"> &gt;&gt;&gt;<br \/>\n<\/span><\/strong><\/p>\n<h1><\/h1>\n<p>&nbsp;<\/p>\n<p>&nbsp;<\/p>\n<p>L&rsquo;\u00e9quipe Dirisolar<\/p>\n<p><a href=\"http:\/\/dirisolar.com\/Projets\/wp-content\/uploads\/2017\/06\/photo-Philippe.jpg\"><img loading=\"lazy\" class=\"alignleft size-medium wp-image-857\" src=\"http:\/\/dirisolar.com\/Projets\/wp-content\/uploads\/2017\/06\/photo-Philippe-210x300.jpg\" alt=\"photo Philippe\" width=\"150\" height=\"214\" srcset=\"http:\/\/dirisolar.com\/Projets\/wp-content\/uploads\/2017\/06\/photo-Philippe-210x300.jpg 210w, http:\/\/dirisolar.com\/Projets\/wp-content\/uploads\/2017\/06\/photo-Philippe.jpg 270w\" sizes=\"(max-width: 150px) 100vw, 150px\" \/><\/a><\/p>\n<p>&nbsp;<\/p>\n<p>&nbsp;<\/p>\n<p>Philippe Tixier, fondateur de Dirisolar<\/p>\n<p>&nbsp;<\/p>\n<p>&nbsp;<\/p>\n<p>&nbsp;<\/p>\n<p>&nbsp;<\/p>\n<p>&nbsp;<\/p>\n<p>&nbsp;<\/p>\n<p>&nbsp;<\/p>\n<p><a href=\"http:\/\/dirisolar.com\/Projets\/wp-content\/uploads\/2017\/06\/photo-Seb.jpg\"><img loading=\"lazy\" class=\"alignleft size-medium wp-image-860\" src=\"http:\/\/dirisolar.com\/Projets\/wp-content\/uploads\/2017\/06\/photo-Seb-300x276.jpg\" alt=\"photo Seb\" width=\"150\" height=\"136\" \/><\/a><\/p>\n<p>&nbsp;<\/p>\n<p>S\u00e9bastien Griveau, ing\u00e9nieur conception architecture a\u00e9rostatique<\/p>\n<p>&nbsp;<\/p>\n<p>&nbsp;<\/p>\n<p>&nbsp;<\/p>\n<p>&nbsp;<\/p>\n<p>&nbsp;<\/p>\n<p><a href=\"http:\/\/dirisolar.com\/Projets\/wp-content\/uploads\/2017\/06\/photo-Romain-2.jpg\"><img loading=\"lazy\" class=\"alignleft size-medium wp-image-863\" src=\"http:\/\/dirisolar.com\/Projets\/wp-content\/uploads\/2017\/06\/photo-Romain-2-241x300.jpg\" alt=\"photo Romain 2\" width=\"150\" height=\"186\" srcset=\"http:\/\/dirisolar.com\/Projets\/wp-content\/uploads\/2017\/06\/photo-Romain-2-241x300.jpg 241w, http:\/\/dirisolar.com\/Projets\/wp-content\/uploads\/2017\/06\/photo-Romain-2-825x1024.jpg 825w, http:\/\/dirisolar.com\/Projets\/wp-content\/uploads\/2017\/06\/photo-Romain-2.jpg 1113w\" sizes=\"(max-width: 150px) 100vw, 150px\" \/><\/a><\/p>\n<p>&nbsp;<\/p>\n<p>Romain Flandin,\u00a0ing\u00e9nieur conception architecture a\u00e9rostatique<\/p>\n<p>&nbsp;<\/p>\n<p>&nbsp;<\/p>\n<p>&nbsp;<\/p>\n<p>&nbsp;<\/p>\n<p>&nbsp;<\/p>\n<p>&nbsp;<\/p>\n<p><a href=\"http:\/\/dirisolar.com\/Projets\/wp-content\/uploads\/2017\/06\/photo-Alix.jpg\"><img loading=\"lazy\" class=\"alignleft size-full wp-image-855\" src=\"http:\/\/dirisolar.com\/Projets\/wp-content\/uploads\/2017\/06\/photo-Alix.jpg\" alt=\"photo Alix\" width=\"150\" height=\"165\" \/><\/a><\/p>\n<p>&nbsp;<\/p>\n<p>Alix Tixier, responsable administratif et financier<\/p>\n<p>&nbsp;<\/p>\n<p>&nbsp;<\/p>\n<p>&nbsp;<\/p>\n<p>&nbsp;<\/p>\n<p>&nbsp;<\/p>\n<p><a href=\"http:\/\/dirisolar.com\/Projets\/wp-content\/uploads\/2017\/06\/photo-Thibault-2.jpg\"><img loading=\"lazy\" class=\"alignleft size-medium wp-image-862\" src=\"http:\/\/dirisolar.com\/Projets\/wp-content\/uploads\/2017\/06\/photo-Thibault-2-221x300.jpg\" alt=\"photo Thibault 2\" width=\"150\" height=\"203\" srcset=\"http:\/\/dirisolar.com\/Projets\/wp-content\/uploads\/2017\/06\/photo-Thibault-2-221x300.jpg 221w, http:\/\/dirisolar.com\/Projets\/wp-content\/uploads\/2017\/06\/photo-Thibault-2-756x1024.jpg 756w, http:\/\/dirisolar.com\/Projets\/wp-content\/uploads\/2017\/06\/photo-Thibault-2.jpg 1913w\" sizes=\"(max-width: 150px) 100vw, 150px\" \/><\/a><\/p>\n<p>&nbsp;<\/p>\n<p>Thibault Roucaute,\u00a0ing\u00e9nieur conception architecture a\u00e9rostatique<\/p>\n<p>&nbsp;<\/p>\n<p>&nbsp;<\/p>\n<p>&nbsp;<\/p>\n<p>&nbsp;<\/p>\n<p>&nbsp;<\/p>\n<p>&nbsp;<\/p>\n<p>&nbsp;<\/p>\n<p><a href=\"http:\/\/dirisolar.com\/Projets\/wp-content\/uploads\/2017\/06\/photo-Bastien.jpg\"><img loading=\"lazy\" class=\"alignleft size-medium wp-image-856\" src=\"http:\/\/dirisolar.com\/Projets\/wp-content\/uploads\/2017\/06\/photo-Bastien-225x300.jpg\" alt=\"photo Bastien\" width=\"150\" height=\"200\" srcset=\"http:\/\/dirisolar.com\/Projets\/wp-content\/uploads\/2017\/06\/photo-Bastien-225x300.jpg 225w, http:\/\/dirisolar.com\/Projets\/wp-content\/uploads\/2017\/06\/photo-Bastien-768x1024.jpg 768w, http:\/\/dirisolar.com\/Projets\/wp-content\/uploads\/2017\/06\/photo-Bastien.jpg 1512w\" sizes=\"(max-width: 150px) 100vw, 150px\" \/><\/a><\/p>\n<p>&nbsp;<\/p>\n<p>Bastien Guerin,\u00a0ing\u00e9nieur conception architecture a\u00e9rostatique<\/p>\n<p>&nbsp;<\/p>\n<p>&nbsp;<\/p>\n<p>&nbsp;<\/p>\n<p>&nbsp;<\/p>\n<p>&nbsp;<\/p>\n","protected":false},"excerpt":{"rendered":"<p>Pourquoi donner ou investir dans le projet Dirisolar DS 1500, le dirigeable de demain : &nbsp; &nbsp; &nbsp; &nbsp; &nbsp; &nbsp; Il fait appel \u00e0 une technologie r\u00e9volutionnaire\u00a0: Gr\u00e2ce \u00e0 l&rsquo;invention brevet\u00e9e du fond plat, Dirisolar\u00a0d\u00e9veloppe le DS1500, un dirigeable solaire pr\u00e9vu pour le transport de 5 personnes. Il est\u00a0capable [&hellip;]<\/p>\n","protected":false},"author":1,"featured_media":9,"parent":0,"menu_order":5,"comment_status":"open","ping_status":"open","template":"","meta":{"spay_email":""},"yoast_head":"<!-- This site is optimized with the Yoast SEO plugin v15.4 - https:\/\/yoast.com\/wordpress\/plugins\/seo\/ -->\n<title>Soutenir le projet de dirigeable DS 1500 de Dirisolar<\/title>\n<meta name=\"description\" content=\"Pourquoi donner ou investir dans le projet Dirisolar DS 1500 ? Parce qu&#039;il pr\u00e9sente des avantages ind\u00e9niables pour le futur du transport et du tourisme\" \/>\n<meta name=\"robots\" content=\"index, follow, max-snippet:-1, max-image-preview:large, max-video-preview:-1\" \/>\n<link rel=\"canonical\" href=\"https:\/\/dirisolar.com\/Projets\/dons\/\" \/>\n<meta property=\"og:locale\" content=\"fr_FR\" \/>\n<meta property=\"og:type\" content=\"article\" \/>\n<meta property=\"og:title\" content=\"Soutenir le projet de dirigeable DS 1500 de Dirisolar\" \/>\n<meta property=\"og:description\" content=\"Pourquoi donner ou investir dans le projet Dirisolar DS 1500 ? Parce qu&#039;il pr\u00e9sente des avantages ind\u00e9niables pour le futur du transport et du tourisme\" \/>\n<meta property=\"og:url\" content=\"https:\/\/dirisolar.com\/Projets\/dons\/\" \/>\n<meta property=\"og:site_name\" content=\"Dirisolar\" \/>\n<meta property=\"article:publisher\" content=\"https:\/\/www.facebook.com\/DirisolarFR\" \/>\n<meta property=\"article:modified_time\" content=\"2017-07-31T13:15:50+00:00\" \/>\n<meta property=\"og:image\" content=\"http:\/\/dirisolar.com\/Projets\/wp-content\/uploads\/2013\/08\/DS1500_nez.jpg\" \/>\n\t<meta property=\"og:image:width\" content=\"270\" \/>\n\t<meta property=\"og:image:height\" content=\"250\" \/>\n<meta name=\"twitter:card\" content=\"summary_large_image\" \/>\n<meta name=\"twitter:creator\" content=\"@Dirisolar\" \/>\n<meta name=\"twitter:site\" content=\"@Dirisolar\" \/>\n<meta name=\"twitter:label1\" content=\"\u00c9crit par\">\n\t<meta name=\"twitter:data1\" content=\"admin\">\n\t<meta name=\"twitter:label2\" content=\"Dur\u00e9e de lecture est.\">\n\t<meta name=\"twitter:data2\" content=\"2 minutes\">\n<script type=\"application\/ld+json\" class=\"yoast-schema-graph\">{\"@context\":\"https:\/\/schema.org\",\"@graph\":[{\"@type\":\"Organization\",\"@id\":\"http:\/\/dirisolar.com\/Projets\/#organization\",\"name\":\"Dirisolar\",\"url\":\"http:\/\/dirisolar.com\/Projets\/\",\"sameAs\":[\"https:\/\/www.facebook.com\/DirisolarFR\",\"https:\/\/www.instagram.com\/dirisolar\/?hl=fr\",\"https:\/\/www.linkedin.com\/company\/dirisolar\",\"https:\/\/www.youtube.com\/channel\/UCOTzLSS-a7itDgvtlZp1gLw\",\"https:\/\/twitter.com\/Dirisolar\"],\"logo\":{\"@type\":\"ImageObject\",\"@id\":\"http:\/\/dirisolar.com\/Projets\/#logo\",\"inLanguage\":\"fr-FR\",\"url\":\"http:\/\/dirisolar.com\/Projets\/wp-content\/uploads\/2020\/11\/Dirisolar_logo.png\",\"width\":2128,\"height\":736,\"caption\":\"Dirisolar\"},\"image\":{\"@id\":\"http:\/\/dirisolar.com\/Projets\/#logo\"}},{\"@type\":\"WebSite\",\"@id\":\"http:\/\/dirisolar.com\/Projets\/#website\",\"url\":\"http:\/\/dirisolar.com\/Projets\/\",\"name\":\"Dirisolar\",\"description\":\"Another way to fly\",\"publisher\":{\"@id\":\"http:\/\/dirisolar.com\/Projets\/#organization\"},\"potentialAction\":[{\"@type\":\"SearchAction\",\"target\":\"http:\/\/dirisolar.com\/Projets\/?s={search_term_string}\",\"query-input\":\"required name=search_term_string\"}],\"inLanguage\":\"fr-FR\"},{\"@type\":\"ImageObject\",\"@id\":\"https:\/\/dirisolar.com\/Projets\/dons\/#primaryimage\",\"inLanguage\":\"fr-FR\",\"url\":\"http:\/\/dirisolar.com\/Projets\/wp-content\/uploads\/2013\/08\/DS1500_nez.jpg\",\"width\":270,\"height\":250},{\"@type\":\"WebPage\",\"@id\":\"https:\/\/dirisolar.com\/Projets\/dons\/#webpage\",\"url\":\"https:\/\/dirisolar.com\/Projets\/dons\/\",\"name\":\"Soutenir le projet de dirigeable DS 1500 de Dirisolar\",\"isPartOf\":{\"@id\":\"http:\/\/dirisolar.com\/Projets\/#website\"},\"primaryImageOfPage\":{\"@id\":\"https:\/\/dirisolar.com\/Projets\/dons\/#primaryimage\"},\"datePublished\":\"2013-08-01T15:32:02+00:00\",\"dateModified\":\"2017-07-31T13:15:50+00:00\",\"description\":\"Pourquoi donner ou investir dans le projet Dirisolar DS 1500 ? Parce qu'il pr\\u00e9sente des avantages ind\\u00e9niables pour le futur du transport et du tourisme\",\"inLanguage\":\"fr-FR\",\"potentialAction\":[{\"@type\":\"ReadAction\",\"target\":[\"https:\/\/dirisolar.com\/Projets\/dons\/\"]}]}]}<\/script>\n<!-- \/ Yoast SEO plugin. -->","_links":{"self":[{"href":"http:\/\/dirisolar.com\/Projets\/wp-json\/wp\/v2\/pages\/50"}],"collection":[{"href":"http:\/\/dirisolar.com\/Projets\/wp-json\/wp\/v2\/pages"}],"about":[{"href":"http:\/\/dirisolar.com\/Projets\/wp-json\/wp\/v2\/types\/page"}],"author":[{"embeddable":true,"href":"http:\/\/dirisolar.com\/Projets\/wp-json\/wp\/v2\/users\/1"}],"replies":[{"embeddable":true,"href":"http:\/\/dirisolar.com\/Projets\/wp-json\/wp\/v2\/comments?post=50"}],"version-history":[{"count":46,"href":"http:\/\/dirisolar.com\/Projets\/wp-json\/wp\/v2\/pages\/50\/revisions"}],"predecessor-version":[{"id":1101,"href":"http:\/\/dirisolar.com\/Projets\/wp-json\/wp\/v2\/pages\/50\/revisions\/1101"}],"wp:featuredmedia":[{"embeddable":true,"href":"http:\/\/dirisolar.com\/Projets\/wp-json\/wp\/v2\/media\/9"}],"wp:attachment":[{"href":"http:\/\/dirisolar.com\/Projets\/wp-json\/wp\/v2\/media?parent=50"}],"curies":[{"name":"wp","href":"https:\/\/api.w.org\/{rel}","templated":true}]}}