{"id":28,"date":"2013-08-01T17:20:34","date_gmt":"2013-08-01T15:20:34","guid":{"rendered":"http:\/\/dirisolar.com\/Projets\/?page_id=28"},"modified":"2020-12-09T10:09:00","modified_gmt":"2020-12-09T09:09:00","slug":"projets","status":"publish","type":"page","link":"http:\/\/dirisolar.com\/Projets\/projets\/","title":{"rendered":"Projets"},"content":{"rendered":"","protected":false},"excerpt":{"rendered":"","protected":false},"author":1,"featured_media":0,"parent":0,"menu_order":3,"comment_status":"closed","ping_status":"closed","template":"","meta":{"spay_email":""},"yoast_head":"<!-- This site is optimized with the Yoast SEO plugin v15.4 - https:\/\/yoast.com\/wordpress\/plugins\/seo\/ -->\n<title>Projets Dirisolar - Accueil et informations sur nos dirigeables<\/title>\n<meta name=\"description\" content=\"Les dirigeables d&#039;aujourd&#039;hui n&#039;ont pas de succ\u00e8s commercial mais Dirisolar s&#039;investit pour trouver des solutions innovantes \u00e0 ce probl\u00e8me.\" \/>\n<meta name=\"robots\" content=\"index, follow, max-snippet:-1, max-image-preview:large, max-video-preview:-1\" \/>\n<link rel=\"canonical\" href=\"http:\/\/dirisolar.com\/Projets\/projets\/\" \/>\n<meta property=\"og:locale\" content=\"fr_FR\" \/>\n<meta property=\"og:type\" content=\"article\" \/>\n<meta property=\"og:title\" content=\"Projets Dirisolar - Accueil et informations sur nos dirigeables\" \/>\n<meta property=\"og:description\" content=\"Les dirigeables d&#039;aujourd&#039;hui n&#039;ont pas de succ\u00e8s commercial mais Dirisolar s&#039;investit pour trouver des solutions innovantes \u00e0 ce probl\u00e8me.\" \/>\n<meta property=\"og:url\" content=\"http:\/\/dirisolar.com\/Projets\/projets\/\" \/>\n<meta property=\"og:site_name\" content=\"Dirisolar\" \/>\n<meta property=\"article:publisher\" content=\"https:\/\/www.facebook.com\/DirisolarFR\" \/>\n<meta property=\"article:modified_time\" content=\"2020-12-09T09:09:00+00:00\" \/>\n<meta name=\"twitter:card\" content=\"summary_large_image\" \/>\n<meta name=\"twitter:creator\" content=\"@Dirisolar\" \/>\n<meta name=\"twitter:site\" content=\"@Dirisolar\" \/>\n<meta name=\"twitter:label1\" content=\"\u00c9crit par\">\n\t<meta name=\"twitter:data1\" content=\"admin\">\n<script type=\"application\/ld+json\" class=\"yoast-schema-graph\">{\"@context\":\"https:\/\/schema.org\",\"@graph\":[{\"@type\":\"Organization\",\"@id\":\"http:\/\/dirisolar.com\/Projets\/#organization\",\"name\":\"Dirisolar\",\"url\":\"http:\/\/dirisolar.com\/Projets\/\",\"sameAs\":[\"https:\/\/www.facebook.com\/DirisolarFR\",\"https:\/\/www.instagram.com\/dirisolar\/?hl=fr\",\"https:\/\/www.linkedin.com\/company\/dirisolar\",\"https:\/\/www.youtube.com\/channel\/UCOTzLSS-a7itDgvtlZp1gLw\",\"https:\/\/twitter.com\/Dirisolar\"],\"logo\":{\"@type\":\"ImageObject\",\"@id\":\"http:\/\/dirisolar.com\/Projets\/#logo\",\"inLanguage\":\"fr-FR\",\"url\":\"http:\/\/dirisolar.com\/Projets\/wp-content\/uploads\/2020\/11\/Dirisolar_logo.png\",\"width\":2128,\"height\":736,\"caption\":\"Dirisolar\"},\"image\":{\"@id\":\"http:\/\/dirisolar.com\/Projets\/#logo\"}},{\"@type\":\"WebSite\",\"@id\":\"http:\/\/dirisolar.com\/Projets\/#website\",\"url\":\"http:\/\/dirisolar.com\/Projets\/\",\"name\":\"Dirisolar\",\"description\":\"Another way to fly\",\"publisher\":{\"@id\":\"http:\/\/dirisolar.com\/Projets\/#organization\"},\"potentialAction\":[{\"@type\":\"SearchAction\",\"target\":\"http:\/\/dirisolar.com\/Projets\/?s={search_term_string}\",\"query-input\":\"required name=search_term_string\"}],\"inLanguage\":\"fr-FR\"},{\"@type\":\"WebPage\",\"@id\":\"http:\/\/dirisolar.com\/Projets\/projets\/#webpage\",\"url\":\"http:\/\/dirisolar.com\/Projets\/projets\/\",\"name\":\"Projets Dirisolar - Accueil et informations sur nos dirigeables\",\"isPartOf\":{\"@id\":\"http:\/\/dirisolar.com\/Projets\/#website\"},\"datePublished\":\"2013-08-01T15:20:34+00:00\",\"dateModified\":\"2020-12-09T09:09:00+00:00\",\"description\":\"Les dirigeables d'aujourd'hui n'ont pas de succ\\u00e8s commercial mais Dirisolar s'investit pour trouver des solutions innovantes \\u00e0 ce probl\\u00e8me.\",\"inLanguage\":\"fr-FR\",\"potentialAction\":[{\"@type\":\"ReadAction\",\"target\":[\"http:\/\/dirisolar.com\/Projets\/projets\/\"]}]}]}<\/script>\n<!-- \/ Yoast SEO plugin. -->","_links":{"self":[{"href":"http:\/\/dirisolar.com\/Projets\/wp-json\/wp\/v2\/pages\/28"}],"collection":[{"href":"http:\/\/dirisolar.com\/Projets\/wp-json\/wp\/v2\/pages"}],"about":[{"href":"http:\/\/dirisolar.com\/Projets\/wp-json\/wp\/v2\/types\/page"}],"author":[{"embeddable":true,"href":"http:\/\/dirisolar.com\/Projets\/wp-json\/wp\/v2\/users\/1"}],"replies":[{"embeddable":true,"href":"http:\/\/dirisolar.com\/Projets\/wp-json\/wp\/v2\/comments?post=28"}],"version-history":[{"count":24,"href":"http:\/\/dirisolar.com\/Projets\/wp-json\/wp\/v2\/pages\/28\/revisions"}],"predecessor-version":[{"id":1477,"href":"http:\/\/dirisolar.com\/Projets\/wp-json\/wp\/v2\/pages\/28\/revisions\/1477"}],"wp:attachment":[{"href":"http:\/\/dirisolar.com\/Projets\/wp-json\/wp\/v2\/media?parent=28"}],"curies":[{"name":"wp","href":"https:\/\/api.w.org\/{rel}","templated":true}]}}