{"id":24,"date":"2013-08-01T17:18:39","date_gmt":"2013-08-01T15:18:39","guid":{"rendered":"http:\/\/dirisolar.com\/Projets\/?page_id=24"},"modified":"2022-06-02T09:24:20","modified_gmt":"2022-06-02T07:24:20","slug":"presse","status":"publish","type":"page","link":"http:\/\/dirisolar.com\/Projets\/dirisolar\/presse\/","title":{"rendered":"Presse"},"content":{"rendered":"\t\t<div data-elementor-type=\"wp-page\" data-elementor-id=\"24\" class=\"elementor elementor-24\" data-elementor-settings=\"[]\">\n\t\t\t\t\t\t<div class=\"elementor-inner\">\n\t\t\t\t\t\t\t<div class=\"elementor-section-wrap\">\n\t\t\t\t\t\t\t<section class=\"elementor-section elementor-top-section elementor-element elementor-element-25664877 elementor-section-boxed elementor-section-height-default elementor-section-height-default\" data-id=\"25664877\" data-element_type=\"section\">\n\t\t\t\t\t\t<div class=\"elementor-container elementor-column-gap-default\">\n\t\t\t\t\t\t\t<div class=\"elementor-row\">\n\t\t\t\t\t<div class=\"elementor-column elementor-col-100 elementor-top-column elementor-element elementor-element-3ebeb9fe\" data-id=\"3ebeb9fe\" data-element_type=\"column\">\n\t\t\t<div class=\"elementor-column-wrap elementor-element-populated\">\n\t\t\t\t\t\t\t<div class=\"elementor-widget-wrap\">\n\t\t\t\t\t\t<div class=\"elementor-element elementor-element-4da110c elementor-widget elementor-widget-heading\" data-id=\"4da110c\" data-element_type=\"widget\" data-widget_type=\"heading.default\">\n\t\t\t\t<div class=\"elementor-widget-container\">\n\t\t\t<h2 class=\"elementor-heading-title elementor-size-default\">2022<\/h2>\t\t<\/div>\n\t\t\t\t<\/div>\n\t\t\t\t<section class=\"elementor-section elementor-inner-section elementor-element elementor-element-042588f elementor-section-boxed elementor-section-height-default elementor-section-height-default\" data-id=\"042588f\" data-element_type=\"section\">\n\t\t\t\t\t\t<div class=\"elementor-container elementor-column-gap-default\">\n\t\t\t\t\t\t\t<div class=\"elementor-row\">\n\t\t\t\t\t<div class=\"elementor-column elementor-col-50 elementor-inner-column elementor-element elementor-element-4236a83\" data-id=\"4236a83\" data-element_type=\"column\">\n\t\t\t<div class=\"elementor-column-wrap elementor-element-populated\">\n\t\t\t\t\t\t\t<div class=\"elementor-widget-wrap\">\n\t\t\t\t\t\t<div class=\"elementor-element elementor-element-d6a199c elementor-widget elementor-widget-image\" data-id=\"d6a199c\" data-element_type=\"widget\" data-widget_type=\"image.default\">\n\t\t\t\t<div class=\"elementor-widget-container\">\n\t\t\t\t\t<div class=\"elementor-image\">\n\t\t\t\t\t\t\t\t\t\t<img width=\"410\" height=\"584\" src=\"http:\/\/dirisolar.com\/Projets\/wp-content\/uploads\/2022\/06\/Coupe-Europe-Montgolfieres.jpg\" class=\"attachment-large size-large\" alt=\"\" loading=\"lazy\" srcset=\"http:\/\/dirisolar.com\/Projets\/wp-content\/uploads\/2022\/06\/Coupe-Europe-Montgolfieres.jpg 410w, http:\/\/dirisolar.com\/Projets\/wp-content\/uploads\/2022\/06\/Coupe-Europe-Montgolfieres-211x300.jpg 211w\" sizes=\"(max-width: 410px) 100vw, 410px\" \/>\t\t\t\t\t\t\t\t\t\t\t<\/div>\n\t\t\t\t<\/div>\n\t\t\t\t<\/div>\n\t\t\t\t\t\t<\/div>\n\t\t\t\t\t<\/div>\n\t\t<\/div>\n\t\t\t\t<div class=\"elementor-column elementor-col-50 elementor-inner-column elementor-element elementor-element-c32ce18\" data-id=\"c32ce18\" data-element_type=\"column\">\n\t\t\t<div class=\"elementor-column-wrap elementor-element-populated\">\n\t\t\t\t\t\t\t<div class=\"elementor-widget-wrap\">\n\t\t\t\t\t\t<div class=\"elementor-element elementor-element-ab9e9d8 elementor-widget elementor-widget-text-editor\" data-id=\"ab9e9d8\" data-element_type=\"widget\" data-widget_type=\"text-editor.default\">\n\t\t\t\t<div class=\"elementor-widget-container\">\n\t\t\t\t\t<div class=\"elementor-text-editor elementor-clearfix\"><p>S\u00e9bastien de l&rsquo;\u00e9quipe Dirisolar sera pr\u00e9sent du 4 au 7 Ao\u00fbt prochain au grand \u00e9v\u00e8nement de Mainfonds : la 22e Coupe d&rsquo;Europe des Montgolfi\u00e8res.<\/p><p>Cette ann\u00e9e, un focus particulier sur l&rsquo;a\u00e9ronautique de demain. Merci \u00e0 l&rsquo;organisation d&rsquo;avoir pens\u00e9 \u00e0 nous.<\/p><p>Allez voir la <a href=\"https:\/\/www.facebook.com\/CEMontgolfieres\/\" target=\"_blank\" rel=\"noopener\">Page Facebook de l&rsquo;\u00e9v\u00e8nement<\/a><\/p><\/div>\n\t\t\t\t<\/div>\n\t\t\t\t<\/div>\n\t\t\t\t\t\t<\/div>\n\t\t\t\t\t<\/div>\n\t\t<\/div>\n\t\t\t\t\t\t\t\t<\/div>\n\t\t\t\t\t<\/div>\n\t\t<\/section>\n\t\t\t\t<div class=\"elementor-element elementor-element-5eeb378 elementor-widget-divider--view-line elementor-widget elementor-widget-divider\" data-id=\"5eeb378\" data-element_type=\"widget\" data-widget_type=\"divider.default\">\n\t\t\t\t<div class=\"elementor-widget-container\">\n\t\t\t\t\t<div class=\"elementor-divider\">\n\t\t\t<span class=\"elementor-divider-separator\">\n\t\t\t\t\t\t<\/span>\n\t\t<\/div>\n\t\t\t\t<\/div>\n\t\t\t\t<\/div>\n\t\t\t\t<section class=\"elementor-section elementor-inner-section elementor-element elementor-element-dc518a9 elementor-section-boxed elementor-section-height-default elementor-section-height-default\" data-id=\"dc518a9\" data-element_type=\"section\">\n\t\t\t\t\t\t<div class=\"elementor-container elementor-column-gap-default\">\n\t\t\t\t\t\t\t<div class=\"elementor-row\">\n\t\t\t\t\t<div class=\"elementor-column elementor-col-50 elementor-inner-column elementor-element elementor-element-db5f51e\" data-id=\"db5f51e\" data-element_type=\"column\">\n\t\t\t<div class=\"elementor-column-wrap elementor-element-populated\">\n\t\t\t\t\t\t\t<div class=\"elementor-widget-wrap\">\n\t\t\t\t\t\t<div class=\"elementor-element elementor-element-4ced3ae elementor-widget elementor-widget-text-editor\" data-id=\"4ced3ae\" data-element_type=\"widget\" data-widget_type=\"text-editor.default\">\n\t\t\t\t<div class=\"elementor-widget-container\">\n\t\t\t\t\t<div class=\"elementor-text-editor elementor-clearfix\"><p>Philippe TIXIER a pr\u00e9sent\u00e9 lors des Entretiens de Toulouse (Rencontres a\u00e9ronautiques) les verrous des dirigeables et pourquoi ils sont sur le point de sauter.<\/p><\/div>\n\t\t\t\t<\/div>\n\t\t\t\t<\/div>\n\t\t\t\t\t\t<\/div>\n\t\t\t\t\t<\/div>\n\t\t<\/div>\n\t\t\t\t<div class=\"elementor-column elementor-col-50 elementor-inner-column elementor-element elementor-element-cced66e\" data-id=\"cced66e\" data-element_type=\"column\">\n\t\t\t<div class=\"elementor-column-wrap elementor-element-populated\">\n\t\t\t\t\t\t\t<div class=\"elementor-widget-wrap\">\n\t\t\t\t\t\t<div class=\"elementor-element elementor-element-82beee3 elementor-widget elementor-widget-image\" data-id=\"82beee3\" data-element_type=\"widget\" data-widget_type=\"image.default\">\n\t\t\t\t<div class=\"elementor-widget-container\">\n\t\t\t\t\t<div class=\"elementor-image\">\n\t\t\t\t\t\t\t\t\t\t<img width=\"512\" height=\"179\" src=\"http:\/\/dirisolar.com\/Projets\/wp-content\/uploads\/2022\/06\/logoEdT_Crop-1.png\" class=\"attachment-large size-large\" alt=\"\" loading=\"lazy\" srcset=\"http:\/\/dirisolar.com\/Projets\/wp-content\/uploads\/2022\/06\/logoEdT_Crop-1.png 512w, http:\/\/dirisolar.com\/Projets\/wp-content\/uploads\/2022\/06\/logoEdT_Crop-1-300x105.png 300w\" sizes=\"(max-width: 512px) 100vw, 512px\" \/>\t\t\t\t\t\t\t\t\t\t\t<\/div>\n\t\t\t\t<\/div>\n\t\t\t\t<\/div>\n\t\t\t\t\t\t<\/div>\n\t\t\t\t\t<\/div>\n\t\t<\/div>\n\t\t\t\t\t\t\t\t<\/div>\n\t\t\t\t\t<\/div>\n\t\t<\/section>\n\t\t\t\t<section class=\"elementor-section elementor-inner-section elementor-element elementor-element-d7214da elementor-section-boxed elementor-section-height-default elementor-section-height-default\" data-id=\"d7214da\" data-element_type=\"section\">\n\t\t\t\t\t\t<div class=\"elementor-container elementor-column-gap-default\">\n\t\t\t\t\t\t\t<div class=\"elementor-row\">\n\t\t\t\t\t<div class=\"elementor-column elementor-col-50 elementor-inner-column elementor-element elementor-element-1f58470\" data-id=\"1f58470\" data-element_type=\"column\">\n\t\t\t<div class=\"elementor-column-wrap elementor-element-populated\">\n\t\t\t\t\t\t\t<div class=\"elementor-widget-wrap\">\n\t\t\t\t\t\t<div class=\"elementor-element elementor-element-a4e2e24 elementor-widget elementor-widget-button\" data-id=\"a4e2e24\" data-element_type=\"widget\" data-widget_type=\"button.default\">\n\t\t\t\t<div class=\"elementor-widget-container\">\n\t\t\t\t\t<div class=\"elementor-button-wrapper\">\n\t\t\t<a href=\"http:\/\/dirisolar.com\/Projets\/wp-content\/uploads\/2022\/06\/Ee2-Les-verrous-des-dirigeables.pdf\" class=\"elementor-button-link elementor-button elementor-size-sm\" role=\"button\">\n\t\t\t\t\t\t<span class=\"elementor-button-content-wrapper\">\n\t\t\t\t\t\t<span class=\"elementor-button-text\">T\u00e9lcharger<\/span>\n\t\t<\/span>\n\t\t\t\t\t<\/a>\n\t\t<\/div>\n\t\t\t\t<\/div>\n\t\t\t\t<\/div>\n\t\t\t\t\t\t<\/div>\n\t\t\t\t\t<\/div>\n\t\t<\/div>\n\t\t\t\t<div class=\"elementor-column elementor-col-50 elementor-inner-column elementor-element elementor-element-324b885\" data-id=\"324b885\" data-element_type=\"column\">\n\t\t\t<div class=\"elementor-column-wrap elementor-element-populated\">\n\t\t\t\t\t\t\t<div class=\"elementor-widget-wrap\">\n\t\t\t\t\t\t<div class=\"elementor-element elementor-element-850b5ca elementor-widget elementor-widget-text-editor\" data-id=\"850b5ca\" data-element_type=\"widget\" data-widget_type=\"text-editor.default\">\n\t\t\t\t<div class=\"elementor-widget-container\">\n\t\t\t\t\t<div class=\"elementor-text-editor elementor-clearfix\"><p>T\u00e9l\u00e9charger l&rsquo;article<\/p><p><\/p><\/div>\n\t\t\t\t<\/div>\n\t\t\t\t<\/div>\n\t\t\t\t\t\t<\/div>\n\t\t\t\t\t<\/div>\n\t\t<\/div>\n\t\t\t\t\t\t\t\t<\/div>\n\t\t\t\t\t<\/div>\n\t\t<\/section>\n\t\t\t\t<div class=\"elementor-element elementor-element-603d628 elementor-widget-divider--view-line elementor-widget elementor-widget-divider\" data-id=\"603d628\" data-element_type=\"widget\" data-widget_type=\"divider.default\">\n\t\t\t\t<div class=\"elementor-widget-container\">\n\t\t\t\t\t<div class=\"elementor-divider\">\n\t\t\t<span class=\"elementor-divider-separator\">\n\t\t\t\t\t\t<\/span>\n\t\t<\/div>\n\t\t\t\t<\/div>\n\t\t\t\t<\/div>\n\t\t\t\t<div class=\"elementor-element elementor-element-db5441e elementor-widget elementor-widget-text-editor\" data-id=\"db5441e\" data-element_type=\"widget\" data-widget_type=\"text-editor.default\">\n\t\t\t\t<div class=\"elementor-widget-container\">\n\t\t\t\t\t<div class=\"elementor-text-editor elementor-clearfix\"><p>Bastien de l&rsquo;\u00e9quipe Dirisolar \u00e9tait pr\u00e9sent au Salon \u00ab\u00a0Le R\u00eave d&rsquo;Icare\u00a0\u00bb qui a vu les choses en grand cette ann\u00e9e sur le sujet de l&rsquo;a\u00e9rostation et de l&rsquo;a\u00e9ronautique de demain.<\/p><p>Un grand Merci \u00e0 leur \u00e9quipe pour l&rsquo;organisation et l&rsquo;esprit convivial du salon.<\/p><\/div>\n\t\t\t\t<\/div>\n\t\t\t\t<\/div>\n\t\t\t\t<div class=\"elementor-element elementor-element-79cabf4 elementor-widget elementor-widget-image\" data-id=\"79cabf4\" data-element_type=\"widget\" data-widget_type=\"image.default\">\n\t\t\t\t<div class=\"elementor-widget-container\">\n\t\t\t\t\t<div class=\"elementor-image\">\n\t\t\t\t\t\t\t\t\t\t<img width=\"750\" height=\"406\" src=\"http:\/\/dirisolar.com\/Projets\/wp-content\/uploads\/2022\/06\/Visuel-H-1024x554.jpg\" class=\"attachment-large size-large\" alt=\"\" loading=\"lazy\" srcset=\"http:\/\/dirisolar.com\/Projets\/wp-content\/uploads\/2022\/06\/Visuel-H-1024x554.jpg 1024w, http:\/\/dirisolar.com\/Projets\/wp-content\/uploads\/2022\/06\/Visuel-H-300x162.jpg 300w, http:\/\/dirisolar.com\/Projets\/wp-content\/uploads\/2022\/06\/Visuel-H-768x415.jpg 768w, http:\/\/dirisolar.com\/Projets\/wp-content\/uploads\/2022\/06\/Visuel-H.jpg 1296w\" sizes=\"(max-width: 750px) 100vw, 750px\" \/>\t\t\t\t\t\t\t\t\t\t\t<\/div>\n\t\t\t\t<\/div>\n\t\t\t\t<\/div>\n\t\t\t\t<div class=\"elementor-element elementor-element-b0b06a3 elementor-widget elementor-widget-heading\" data-id=\"b0b06a3\" data-element_type=\"widget\" data-widget_type=\"heading.default\">\n\t\t\t\t<div class=\"elementor-widget-container\">\n\t\t\t<h2 class=\"elementor-heading-title elementor-size-default\">2021<\/h2>\t\t<\/div>\n\t\t\t\t<\/div>\n\t\t\t\t<section class=\"elementor-section elementor-inner-section elementor-element elementor-element-d1ab33c elementor-section-boxed elementor-section-height-default elementor-section-height-default\" data-id=\"d1ab33c\" data-element_type=\"section\">\n\t\t\t\t\t\t<div class=\"elementor-container elementor-column-gap-default\">\n\t\t\t\t\t\t\t<div class=\"elementor-row\">\n\t\t\t\t\t<div class=\"elementor-column elementor-col-50 elementor-inner-column elementor-element elementor-element-ae794a6\" data-id=\"ae794a6\" data-element_type=\"column\">\n\t\t\t<div class=\"elementor-column-wrap elementor-element-populated\">\n\t\t\t\t\t\t\t<div class=\"elementor-widget-wrap\">\n\t\t\t\t\t\t<div class=\"elementor-element elementor-element-5068f94 elementor-widget elementor-widget-image\" data-id=\"5068f94\" data-element_type=\"widget\" data-widget_type=\"image.default\">\n\t\t\t\t<div class=\"elementor-widget-container\">\n\t\t\t\t\t<div class=\"elementor-image\">\n\t\t\t\t\t\t\t\t\t\t<img width=\"300\" height=\"300\" src=\"http:\/\/dirisolar.com\/Projets\/wp-content\/uploads\/2022\/06\/assoc_nlogo-300x300.png\" class=\"attachment-medium size-medium\" alt=\"\" loading=\"lazy\" srcset=\"http:\/\/dirisolar.com\/Projets\/wp-content\/uploads\/2022\/06\/assoc_nlogo-300x300.png 300w, http:\/\/dirisolar.com\/Projets\/wp-content\/uploads\/2022\/06\/assoc_nlogo-150x150.png 150w, http:\/\/dirisolar.com\/Projets\/wp-content\/uploads\/2022\/06\/assoc_nlogo-768x768.png 768w, http:\/\/dirisolar.com\/Projets\/wp-content\/uploads\/2022\/06\/assoc_nlogo.png 900w\" sizes=\"(max-width: 300px) 100vw, 300px\" \/>\t\t\t\t\t\t\t\t\t\t\t<\/div>\n\t\t\t\t<\/div>\n\t\t\t\t<\/div>\n\t\t\t\t\t\t<\/div>\n\t\t\t\t\t<\/div>\n\t\t<\/div>\n\t\t\t\t<div class=\"elementor-column elementor-col-50 elementor-inner-column elementor-element elementor-element-9ffcb67\" data-id=\"9ffcb67\" data-element_type=\"column\">\n\t\t\t<div class=\"elementor-column-wrap elementor-element-populated\">\n\t\t\t\t\t\t\t<div class=\"elementor-widget-wrap\">\n\t\t\t\t\t\t<div class=\"elementor-element elementor-element-d59c12b elementor-widget elementor-widget-text-editor\" data-id=\"d59c12b\" data-element_type=\"widget\" data-widget_type=\"text-editor.default\">\n\t\t\t\t<div class=\"elementor-widget-container\">\n\t\t\t\t\t<div class=\"elementor-text-editor elementor-clearfix\"><h3><\/h3><p>A la demande de la 3AF, Philippe TIXIER cr\u00e9e et prend la pr\u00e9sidence du Groupe de Travail A\u00e9rostation, compos\u00e9 des soci\u00e9t\u00e9s et institutions suivantes:<\/p><p>CNES, ONERA, A\u00e9rophile, Flying Whales, Thal\u00e8s (Stratobus), CNIM Air Space, Ballooneos et Dirisolar.<\/p><p><\/p><\/div>\n\t\t\t\t<\/div>\n\t\t\t\t<\/div>\n\t\t\t\t\t\t<\/div>\n\t\t\t\t\t<\/div>\n\t\t<\/div>\n\t\t\t\t\t\t\t\t<\/div>\n\t\t\t\t\t<\/div>\n\t\t<\/section>\n\t\t\t\t<section class=\"elementor-section elementor-inner-section elementor-element elementor-element-cd1c345 elementor-section-boxed elementor-section-height-default elementor-section-height-default\" data-id=\"cd1c345\" data-element_type=\"section\">\n\t\t\t\t\t\t<div class=\"elementor-container elementor-column-gap-default\">\n\t\t\t\t\t\t\t<div class=\"elementor-row\">\n\t\t\t\t\t<div class=\"elementor-column elementor-col-50 elementor-inner-column elementor-element elementor-element-e3c013f\" data-id=\"e3c013f\" data-element_type=\"column\">\n\t\t\t<div class=\"elementor-column-wrap elementor-element-populated\">\n\t\t\t\t\t\t\t<div class=\"elementor-widget-wrap\">\n\t\t\t\t\t\t<div class=\"elementor-element elementor-element-5902f8f elementor-widget elementor-widget-button\" data-id=\"5902f8f\" data-element_type=\"widget\" data-widget_type=\"button.default\">\n\t\t\t\t<div class=\"elementor-widget-container\">\n\t\t\t\t\t<div class=\"elementor-button-wrapper\">\n\t\t\t<a href=\"http:\/\/dirisolar.com\/Projets\/wp-content\/uploads\/2022\/06\/Panorama-etape-1-24_03_21.pdf\" class=\"elementor-button-link elementor-button elementor-size-sm\" role=\"button\">\n\t\t\t\t\t\t<span class=\"elementor-button-content-wrapper\">\n\t\t\t\t\t\t<span class=\"elementor-button-text\">Cliquez ici<\/span>\n\t\t<\/span>\n\t\t\t\t\t<\/a>\n\t\t<\/div>\n\t\t\t\t<\/div>\n\t\t\t\t<\/div>\n\t\t\t\t\t\t<\/div>\n\t\t\t\t\t<\/div>\n\t\t<\/div>\n\t\t\t\t<div class=\"elementor-column elementor-col-50 elementor-inner-column elementor-element elementor-element-483385b\" data-id=\"483385b\" data-element_type=\"column\">\n\t\t\t<div class=\"elementor-column-wrap elementor-element-populated\">\n\t\t\t\t\t\t\t<div class=\"elementor-widget-wrap\">\n\t\t\t\t\t\t<div class=\"elementor-element elementor-element-4349ddd elementor-widget elementor-widget-text-editor\" data-id=\"4349ddd\" data-element_type=\"widget\" data-widget_type=\"text-editor.default\">\n\t\t\t\t<div class=\"elementor-widget-container\">\n\t\t\t\t\t<div class=\"elementor-text-editor elementor-clearfix\"><p>T\u00e9l\u00e9charger le rapport du GT<\/p><\/div>\n\t\t\t\t<\/div>\n\t\t\t\t<\/div>\n\t\t\t\t\t\t<\/div>\n\t\t\t\t\t<\/div>\n\t\t<\/div>\n\t\t\t\t\t\t\t\t<\/div>\n\t\t\t\t\t<\/div>\n\t\t<\/section>\n\t\t\t\t<div class=\"elementor-element elementor-element-19b4417 elementor-widget-divider--view-line elementor-widget elementor-widget-divider\" data-id=\"19b4417\" data-element_type=\"widget\" data-widget_type=\"divider.default\">\n\t\t\t\t<div class=\"elementor-widget-container\">\n\t\t\t\t\t<div class=\"elementor-divider\">\n\t\t\t<span class=\"elementor-divider-separator\">\n\t\t\t\t\t\t<\/span>\n\t\t<\/div>\n\t\t\t\t<\/div>\n\t\t\t\t<\/div>\n\t\t\t\t<div class=\"elementor-element elementor-element-e5a240c elementor-widget elementor-widget-text-editor\" data-id=\"e5a240c\" data-element_type=\"widget\" data-widget_type=\"text-editor.default\">\n\t\t\t\t<div class=\"elementor-widget-container\">\n\t\t\t\t\t<div class=\"elementor-text-editor elementor-clearfix\"><p><a href=\"http:\/\/dirisolar.com\/Projets\/dirisolar-2\/press\/\"><img loading=\"lazy\" class=\"wp-image-1153 alignright\" src=\"http:\/\/dirisolar.com\/Projets\/wp-content\/uploads\/2019\/08\/flag-gb.png\" alt=\"\" width=\"27\" height=\"27\" srcset=\"http:\/\/dirisolar.com\/Projets\/wp-content\/uploads\/2019\/08\/flag-gb.png 256w, http:\/\/dirisolar.com\/Projets\/wp-content\/uploads\/2019\/08\/flag-gb-150x150.png 150w\" sizes=\"(max-width: 27px) 100vw, 27px\" \/><\/a><\/p><\/div><\/div><\/div><\/div><\/div><\/div><\/div><\/div><\/section><\/div><\/div><\/div> <a href=\"http:\/\/dirisolar.com\/Projets\/dirisolar\/presse\/#more-24\" class=\"more-link elementor-more-link\"><span aria-label=\"Poursuivre la lecture Presse\">(plus\u2026)<\/span><\/a>","protected":false},"excerpt":{"rendered":"<p>2022 S\u00e9bastien de l&rsquo;\u00e9quipe Dirisolar sera pr\u00e9sent du 4 au 7 Ao\u00fbt prochain au grand \u00e9v\u00e8nement de Mainfonds : la 22e Coupe d&rsquo;Europe des Montgolfi\u00e8res. Cette ann\u00e9e, un focus particulier sur l&rsquo;a\u00e9ronautique de demain. Merci \u00e0 l&rsquo;organisation d&rsquo;avoir pens\u00e9 \u00e0 nous. Allez voir la Page Facebook de l&rsquo;\u00e9v\u00e8nement Philippe TIXIER [&hellip;]<\/p>\n","protected":false},"author":1,"featured_media":0,"parent":4,"menu_order":13,"comment_status":"closed","ping_status":"closed","template":"","meta":{"spay_email":""},"yoast_head":"<!-- This site is optimized with the Yoast SEO plugin v15.4 - https:\/\/yoast.com\/wordpress\/plugins\/seo\/ -->\n<title>Presse et reportages \u00e0 propos de Dirisolar<\/title>\n<meta name=\"description\" content=\"Ensemble des diff\u00e9rents articles de presse ou reportage dans lesquels Dirisolar est mentionn\u00e9 ou le sujet principal de 2010 \u00e0 aujourd&#039;hui\" \/>\n<meta name=\"robots\" content=\"index, follow, max-snippet:-1, max-image-preview:large, max-video-preview:-1\" \/>\n<link rel=\"canonical\" href=\"https:\/\/dirisolar.com\/Projets\/dirisolar\/presse\/\" \/>\n<meta property=\"og:locale\" content=\"fr_FR\" \/>\n<meta property=\"og:type\" content=\"article\" \/>\n<meta property=\"og:title\" content=\"Presse et reportages \u00e0 propos de Dirisolar\" \/>\n<meta property=\"og:description\" content=\"Ensemble des diff\u00e9rents articles de presse ou reportage dans lesquels Dirisolar est mentionn\u00e9 ou le sujet principal de 2010 \u00e0 aujourd&#039;hui\" \/>\n<meta property=\"og:url\" content=\"https:\/\/dirisolar.com\/Projets\/dirisolar\/presse\/\" \/>\n<meta property=\"og:site_name\" content=\"Dirisolar\" \/>\n<meta property=\"article:publisher\" content=\"https:\/\/www.facebook.com\/DirisolarFR\" \/>\n<meta property=\"article:modified_time\" content=\"2022-06-02T07:24:20+00:00\" \/>\n<meta property=\"og:image\" content=\"http:\/\/dirisolar.com\/Projets\/wp-content\/uploads\/2022\/06\/Coupe-Europe-Montgolfieres.jpg\" \/>\n<meta name=\"twitter:card\" content=\"summary_large_image\" \/>\n<meta name=\"twitter:creator\" content=\"@Dirisolar\" \/>\n<meta name=\"twitter:site\" content=\"@Dirisolar\" \/>\n<meta name=\"twitter:label1\" content=\"\u00c9crit par\">\n\t<meta name=\"twitter:data1\" content=\"admin\">\n\t<meta name=\"twitter:label2\" content=\"Dur\u00e9e de lecture est.\">\n\t<meta name=\"twitter:data2\" content=\"2 minutes\">\n<script type=\"application\/ld+json\" class=\"yoast-schema-graph\">{\"@context\":\"https:\/\/schema.org\",\"@graph\":[{\"@type\":\"Organization\",\"@id\":\"http:\/\/dirisolar.com\/Projets\/#organization\",\"name\":\"Dirisolar\",\"url\":\"http:\/\/dirisolar.com\/Projets\/\",\"sameAs\":[\"https:\/\/www.facebook.com\/DirisolarFR\",\"https:\/\/www.instagram.com\/dirisolar\/?hl=fr\",\"https:\/\/www.linkedin.com\/company\/dirisolar\",\"https:\/\/www.youtube.com\/channel\/UCOTzLSS-a7itDgvtlZp1gLw\",\"https:\/\/twitter.com\/Dirisolar\"],\"logo\":{\"@type\":\"ImageObject\",\"@id\":\"http:\/\/dirisolar.com\/Projets\/#logo\",\"inLanguage\":\"fr-FR\",\"url\":\"http:\/\/dirisolar.com\/Projets\/wp-content\/uploads\/2020\/11\/Dirisolar_logo.png\",\"width\":2128,\"height\":736,\"caption\":\"Dirisolar\"},\"image\":{\"@id\":\"http:\/\/dirisolar.com\/Projets\/#logo\"}},{\"@type\":\"WebSite\",\"@id\":\"http:\/\/dirisolar.com\/Projets\/#website\",\"url\":\"http:\/\/dirisolar.com\/Projets\/\",\"name\":\"Dirisolar\",\"description\":\"Another way to fly\",\"publisher\":{\"@id\":\"http:\/\/dirisolar.com\/Projets\/#organization\"},\"potentialAction\":[{\"@type\":\"SearchAction\",\"target\":\"http:\/\/dirisolar.com\/Projets\/?s={search_term_string}\",\"query-input\":\"required name=search_term_string\"}],\"inLanguage\":\"fr-FR\"},{\"@type\":\"ImageObject\",\"@id\":\"https:\/\/dirisolar.com\/Projets\/dirisolar\/presse\/#primaryimage\",\"inLanguage\":\"fr-FR\",\"url\":\"http:\/\/dirisolar.com\/Projets\/wp-content\/uploads\/2022\/06\/Coupe-Europe-Montgolfieres.jpg\",\"width\":410,\"height\":584},{\"@type\":\"WebPage\",\"@id\":\"https:\/\/dirisolar.com\/Projets\/dirisolar\/presse\/#webpage\",\"url\":\"https:\/\/dirisolar.com\/Projets\/dirisolar\/presse\/\",\"name\":\"Presse et reportages \\u00e0 propos de Dirisolar\",\"isPartOf\":{\"@id\":\"http:\/\/dirisolar.com\/Projets\/#website\"},\"primaryImageOfPage\":{\"@id\":\"https:\/\/dirisolar.com\/Projets\/dirisolar\/presse\/#primaryimage\"},\"datePublished\":\"2013-08-01T15:18:39+00:00\",\"dateModified\":\"2022-06-02T07:24:20+00:00\",\"description\":\"Ensemble des diff\\u00e9rents articles de presse ou reportage dans lesquels Dirisolar est mentionn\\u00e9 ou le sujet principal de 2010 \\u00e0 aujourd'hui\",\"inLanguage\":\"fr-FR\",\"potentialAction\":[{\"@type\":\"ReadAction\",\"target\":[\"https:\/\/dirisolar.com\/Projets\/dirisolar\/presse\/\"]}]}]}<\/script>\n<!-- \/ Yoast SEO plugin. -->","_links":{"self":[{"href":"http:\/\/dirisolar.com\/Projets\/wp-json\/wp\/v2\/pages\/24"}],"collection":[{"href":"http:\/\/dirisolar.com\/Projets\/wp-json\/wp\/v2\/pages"}],"about":[{"href":"http:\/\/dirisolar.com\/Projets\/wp-json\/wp\/v2\/types\/page"}],"author":[{"embeddable":true,"href":"http:\/\/dirisolar.com\/Projets\/wp-json\/wp\/v2\/users\/1"}],"replies":[{"embeddable":true,"href":"http:\/\/dirisolar.com\/Projets\/wp-json\/wp\/v2\/comments?post=24"}],"version-history":[{"count":66,"href":"http:\/\/dirisolar.com\/Projets\/wp-json\/wp\/v2\/pages\/24\/revisions"}],"predecessor-version":[{"id":1679,"href":"http:\/\/dirisolar.com\/Projets\/wp-json\/wp\/v2\/pages\/24\/revisions\/1679"}],"up":[{"embeddable":true,"href":"http:\/\/dirisolar.com\/Projets\/wp-json\/wp\/v2\/pages\/4"}],"wp:attachment":[{"href":"http:\/\/dirisolar.com\/Projets\/wp-json\/wp\/v2\/media?parent=24"}],"curies":[{"name":"wp","href":"https:\/\/api.w.org\/{rel}","templated":true}]}}