{"id":2,"date":"2013-07-30T15:50:18","date_gmt":"2013-07-30T13:50:18","guid":{"rendered":"http:\/\/dirisolar.com\/Projets\/\/?page_id=2"},"modified":"2022-01-07T14:08:29","modified_gmt":"2022-01-07T13:08:29","slug":"accueil","status":"publish","type":"page","link":"http:\/\/dirisolar.com\/Projets\/","title":{"rendered":"Accueil"},"content":{"rendered":"\t\t<div data-elementor-type=\"wp-page\" data-elementor-id=\"2\" class=\"elementor elementor-2\" data-elementor-settings=\"[]\">\n\t\t\t\t\t\t<div class=\"elementor-inner\">\n\t\t\t\t\t\t\t<div class=\"elementor-section-wrap\">\n\t\t\t\t\t\t\t<section class=\"elementor-section elementor-top-section elementor-element elementor-element-477ded5 elementor-section-boxed elementor-section-height-default elementor-section-height-default\" data-id=\"477ded5\" data-element_type=\"section\">\n\t\t\t\t\t\t<div class=\"elementor-container elementor-column-gap-default\">\n\t\t\t\t\t\t\t<div class=\"elementor-row\">\n\t\t\t\t\t<div class=\"elementor-column elementor-col-100 elementor-top-column elementor-element elementor-element-d1345a0 elementor-invisible\" data-id=\"d1345a0\" data-element_type=\"column\" data-settings=\"{&quot;animation&quot;:&quot;fadeInLeft&quot;}\">\n\t\t\t<div class=\"elementor-column-wrap elementor-element-populated\">\n\t\t\t\t\t\t\t<div class=\"elementor-widget-wrap\">\n\t\t\t\t\t\t<div class=\"elementor-element elementor-element-358ba10 elementor-widget elementor-widget-heading\" data-id=\"358ba10\" data-element_type=\"widget\" data-widget_type=\"heading.default\">\n\t\t\t\t<div class=\"elementor-widget-container\">\n\t\t\t<h2 class=\"elementor-heading-title elementor-size-default\"><strong><h1 style=\"text-align: center;\"><strong>Another Way to Fly<\/strong><\/h1><\/strong><\/h2>\t\t<\/div>\n\t\t\t\t<\/div>\n\t\t\t\t\t\t<\/div>\n\t\t\t\t\t<\/div>\n\t\t<\/div>\n\t\t\t\t\t\t\t\t<\/div>\n\t\t\t\t\t<\/div>\n\t\t<\/section>\n\t\t\t\t<section class=\"elementor-section elementor-top-section elementor-element elementor-element-92e2378 elementor-section-boxed elementor-section-height-default elementor-section-height-default\" data-id=\"92e2378\" data-element_type=\"section\">\n\t\t\t\t\t\t<div class=\"elementor-container elementor-column-gap-default\">\n\t\t\t\t\t\t\t<div class=\"elementor-row\">\n\t\t\t\t\t<div class=\"elementor-column elementor-col-100 elementor-top-column elementor-element elementor-element-0a3351d\" data-id=\"0a3351d\" data-element_type=\"column\">\n\t\t\t<div class=\"elementor-column-wrap elementor-element-populated\">\n\t\t\t\t\t\t\t<div class=\"elementor-widget-wrap\">\n\t\t\t\t\t\t<div class=\"elementor-element elementor-element-b6d5c6a elementor-aspect-ratio-169 elementor-widget elementor-widget-video\" data-id=\"b6d5c6a\" data-element_type=\"widget\" data-settings=\"{&quot;aspect_ratio&quot;:&quot;169&quot;}\" data-widget_type=\"video.default\">\n\t\t\t\t<div class=\"elementor-widget-container\">\n\t\t\t\t\t<div class=\"elementor-wrapper elementor-fit-aspect-ratio elementor-open-inline\">\n\t\t\t<iframe class=\"elementor-video-iframe\" allowfullscreen title=\"Lecteur vid\u00e9o youtube\" src=\"https:\/\/www.youtube.com\/embed\/QQzgjY8fmLs?feature=oembed&amp;start&amp;end&amp;wmode=opaque&amp;loop=0&amp;controls=1&amp;mute=0&amp;rel=0&amp;modestbranding=0\"><\/iframe>\t\t<\/div>\n\t\t\t\t<\/div>\n\t\t\t\t<\/div>\n\t\t\t\t\t\t<\/div>\n\t\t\t\t\t<\/div>\n\t\t<\/div>\n\t\t\t\t\t\t\t\t<\/div>\n\t\t\t\t\t<\/div>\n\t\t<\/section>\n\t\t\t\t<section class=\"elementor-section elementor-top-section elementor-element elementor-element-93c9398 elementor-section-boxed elementor-section-height-default elementor-section-height-default\" data-id=\"93c9398\" data-element_type=\"section\">\n\t\t\t\t\t\t<div class=\"elementor-container elementor-column-gap-default\">\n\t\t\t\t\t\t\t<div class=\"elementor-row\">\n\t\t\t\t\t<div class=\"elementor-column elementor-col-100 elementor-top-column elementor-element elementor-element-ed14c93\" data-id=\"ed14c93\" data-element_type=\"column\">\n\t\t\t<div class=\"elementor-column-wrap elementor-element-populated\">\n\t\t\t\t\t\t\t<div class=\"elementor-widget-wrap\">\n\t\t\t\t\t\t<div class=\"elementor-element elementor-element-9ce7383 elementor-invisible elementor-widget elementor-widget-heading\" data-id=\"9ce7383\" data-element_type=\"widget\" data-settings=\"{&quot;_animation&quot;:&quot;headShake&quot;}\" data-widget_type=\"heading.default\">\n\t\t\t\t<div class=\"elementor-widget-container\">\n\t\t\t<h2 class=\"elementor-heading-title elementor-size-default\"><div><div data-elementor-type=\"wp-page\" data-elementor-id=\"2\" data-elementor-title=\"Page\"><div><div><section data-id=\"2aa40753\" data-element_type=\"section\" data-model-cid=\"c47\"><div><div><div data-id=\"32b6fc5f\" data-element_type=\"column\" data-col=\"100\" data-model-cid=\"c48\"><div><div><div data-id=\"3a2961f1\" data-element_type=\"widget\" data-model-cid=\"c49\" data-widget_type=\"text-editor.default\"><div><div data-elementor-setting-key=\"editor\" data-elementor-inline-editing-toolbar=\"advanced\" data-pen-placeholder=\"\u00c9crivez ici...\" contenteditable=\"true\"><h1><h1 style=\"text-align: center;\">Dirisolar DS1500, le Dirigeable habit\u00e9 propuls\u00e9 \u00e0 l'\u00e9nergie solaire<\/h1><\/h1><\/div><\/div><\/div><\/div><\/div><\/div><\/div><\/div><\/section><\/div><\/div><\/div><\/div><\/h2>\t\t<\/div>\n\t\t\t\t<\/div>\n\t\t\t\t\t\t<\/div>\n\t\t\t\t\t<\/div>\n\t\t<\/div>\n\t\t\t\t\t\t\t\t<\/div>\n\t\t\t\t\t<\/div>\n\t\t<\/section>\n\t\t\t\t<section class=\"elementor-section elementor-top-section elementor-element elementor-element-9223064 elementor-section-boxed elementor-section-height-default elementor-section-height-default\" data-id=\"9223064\" data-element_type=\"section\">\n\t\t\t\t\t\t<div class=\"elementor-container elementor-column-gap-default\">\n\t\t\t\t\t\t\t<div class=\"elementor-row\">\n\t\t\t\t\t<div class=\"elementor-column elementor-col-100 elementor-top-column elementor-element elementor-element-170bed5\" data-id=\"170bed5\" data-element_type=\"column\">\n\t\t\t<div class=\"elementor-column-wrap elementor-element-populated\">\n\t\t\t\t\t\t\t<div class=\"elementor-widget-wrap\">\n\t\t\t\t\t\t<div class=\"elementor-element elementor-element-afca2f7 elementor-widget elementor-widget-text-editor\" data-id=\"afca2f7\" data-element_type=\"widget\" data-widget_type=\"text-editor.default\">\n\t\t\t\t<div class=\"elementor-widget-container\">\n\t\t\t\t\t<div class=\"elementor-text-editor elementor-clearfix\"><h2>Le projet s&rsquo;appuie sur deux concepts novateurs :<\/h2>\n<ul>\n<li>\n<h3>Une forme atypique \u00e0 fond plat de l&rsquo;enveloppe<\/h3>\n<\/li>\n<li>\n<h3>une propulsion bas\u00e9e sur l&rsquo;\u00e9nergie solaire<\/h3>\n<\/li>\n<\/ul>\n<p>Ce dirigeable nouvelle g\u00e9n\u00e9ration rel\u00e8ve les d\u00e9fis technologiques, \u00e9cologiques et \u00e9conomiques.<\/p>\n<p style=\"text-align: center;\">_______________________<\/p>\n<h2>Un a\u00e9rostat enfin disponible tout le temps !<\/h2>\n<p>Pour r\u00e9pondre \u00e0 la probl\u00e9matique historique des dirigeables, relative aux al\u00e9as m\u00e9t\u00e9orologiques, le vent en particulier, Dirisolar applique et a brevet\u00e9 le fond plat qui cr\u00e9e une a\u00e9rodynamique \u00e0 effet de sol bien connu dans les courses automobiles notamment.<\/p>\n<p style=\"text-align: center;\">________________________<\/p>\n<h2>Le dirigeable solaire Dirisolar<\/h2>\n<p style=\"text-align: left;\">Le dirigeable de Dirisolar s&rsquo;inscrit dans une d\u00e9marche \u00e9cologique des moyens de transport de demain. Ce dirigeable solaire offre de multiples utilisations possibles, <strong>transport de passagers, transports de charges, explorations scientifiques et observations du sol.<\/strong> Le faible co\u00fbt d&rsquo;exploitation et le mode de d\u00e9placement \u00e9cologique permettent d&rsquo;envisager des utilisations attendues par la recherche scientifique, et pour les actions humanitaires. La man\u0153uvrabilit\u00e9 et les temps de vols illimit\u00e9s propos\u00e9s par les diff\u00e9rents mod\u00e8les de dirigeables Dirisolar constituent des solutions attendues par de nombreux secteurs d\u2019activit\u00e9 \u00e9conomiques.<\/p>\n<p style=\"text-align: center;\">_______________________<\/p>\n<h2>Les avantages du dirigeable solaire DS1500 pour l\u2019exploitation touristique<\/h2>\n<ul>\n<li style=\"list-style-type: none;\">\n<ul>\n<li>\n<p>Autonomie au d\u00e9collage, \u00e0 l\u2019atterrissage et \u00e0 l\u2019arrimage,<\/p>\n<\/li>\n<li>\n<p>Grande facilit\u00e9 pour embarquer et d\u00e9barquer les passagers,<\/p>\n<\/li>\n<li>\n<p>Disponibilit\u00e9 dans la plupart des conditions m\u00e9t\u00e9orologiques,<\/p>\n<\/li>\n<li>\n<p>Ind\u00e9pendance pour des dur\u00e9es de vol allant jusqu\u2019\u00e0 plusieurs mois.<\/p>\n<\/li>\n<\/ul>\n<\/li>\n<\/ul><\/div>\n\t\t\t\t<\/div>\n\t\t\t\t<\/div>\n\t\t\t\t\t\t<\/div>\n\t\t\t\t\t<\/div>\n\t\t<\/div>\n\t\t\t\t\t\t\t\t<\/div>\n\t\t\t\t\t<\/div>\n\t\t<\/section>\n\t\t\t\t\t\t<\/div>\n\t\t\t\t\t\t<\/div>\n\t\t\t\t\t<\/div>\n\t\t","protected":false},"excerpt":{"rendered":"<p>Another Way to Fly Dirisolar DS1500, le Dirigeable habit\u00e9 propuls\u00e9 \u00e0 l&rsquo;\u00e9nergie solaire Le projet s&rsquo;appuie sur deux concepts novateurs : Une forme atypique \u00e0 fond plat de l&rsquo;enveloppe une propulsion bas\u00e9e sur l&rsquo;\u00e9nergie solaire Ce dirigeable nouvelle g\u00e9n\u00e9ration rel\u00e8ve les d\u00e9fis technologiques, \u00e9cologiques et \u00e9conomiques. _______________________ Un a\u00e9rostat enfin [&hellip;]<\/p>\n","protected":false},"author":1,"featured_media":1174,"parent":0,"menu_order":0,"comment_status":"closed","ping_status":"closed","template":"elementor_header_footer","meta":{"spay_email":""},"yoast_head":"<!-- This site is optimized with the Yoast SEO plugin v15.4 - https:\/\/yoast.com\/wordpress\/plugins\/seo\/ -->\n<title>Accueil de Dirisolar, start-up a\u00e9ronautique innovante<\/title>\n<meta name=\"description\" content=\"Dirisolar est une start-up a\u00e9ronautique d\u00e9veloppant un dirigeable solaire pouvant r\u00e9pondre tant aux besoins d&#039;op\u00e9rateurs touristiques que scientifiques\" \/>\n<meta name=\"robots\" content=\"index, follow, max-snippet:-1, max-image-preview:large, max-video-preview:-1\" \/>\n<link rel=\"canonical\" href=\"http:\/\/dirisolar.com\/Projets\/\" \/>\n<meta property=\"og:locale\" content=\"fr_FR\" \/>\n<meta property=\"og:type\" content=\"article\" \/>\n<meta property=\"og:title\" content=\"Accueil de Dirisolar, start-up a\u00e9ronautique innovante\" \/>\n<meta property=\"og:description\" content=\"Dirisolar est une start-up a\u00e9ronautique d\u00e9veloppant un dirigeable solaire pouvant r\u00e9pondre tant aux besoins d&#039;op\u00e9rateurs touristiques que scientifiques\" \/>\n<meta property=\"og:url\" content=\"http:\/\/dirisolar.com\/Projets\/\" \/>\n<meta property=\"og:site_name\" content=\"Dirisolar\" \/>\n<meta property=\"article:publisher\" content=\"https:\/\/www.facebook.com\/DirisolarFR\" \/>\n<meta property=\"article:modified_time\" content=\"2022-01-07T13:08:29+00:00\" \/>\n<meta property=\"og:image\" content=\"http:\/\/dirisolar.com\/Projets\/wp-content\/uploads\/2020\/05\/02.jpg\" \/>\n\t<meta property=\"og:image:width\" content=\"1920\" \/>\n\t<meta property=\"og:image:height\" content=\"1080\" \/>\n<meta name=\"twitter:card\" content=\"summary_large_image\" \/>\n<meta name=\"twitter:creator\" content=\"@Dirisolar\" \/>\n<meta name=\"twitter:site\" content=\"@Dirisolar\" \/>\n<meta name=\"twitter:label1\" content=\"\u00c9crit par\">\n\t<meta name=\"twitter:data1\" content=\"admin\">\n\t<meta name=\"twitter:label2\" content=\"Dur\u00e9e de lecture est.\">\n\t<meta name=\"twitter:data2\" content=\"1 minute\">\n<script type=\"application\/ld+json\" class=\"yoast-schema-graph\">{\"@context\":\"https:\/\/schema.org\",\"@graph\":[{\"@type\":\"Organization\",\"@id\":\"http:\/\/dirisolar.com\/Projets\/#organization\",\"name\":\"Dirisolar\",\"url\":\"http:\/\/dirisolar.com\/Projets\/\",\"sameAs\":[\"https:\/\/www.facebook.com\/DirisolarFR\",\"https:\/\/www.instagram.com\/dirisolar\/?hl=fr\",\"https:\/\/www.linkedin.com\/company\/dirisolar\",\"https:\/\/www.youtube.com\/channel\/UCOTzLSS-a7itDgvtlZp1gLw\",\"https:\/\/twitter.com\/Dirisolar\"],\"logo\":{\"@type\":\"ImageObject\",\"@id\":\"http:\/\/dirisolar.com\/Projets\/#logo\",\"inLanguage\":\"fr-FR\",\"url\":\"http:\/\/dirisolar.com\/Projets\/wp-content\/uploads\/2020\/11\/Dirisolar_logo.png\",\"width\":2128,\"height\":736,\"caption\":\"Dirisolar\"},\"image\":{\"@id\":\"http:\/\/dirisolar.com\/Projets\/#logo\"}},{\"@type\":\"WebSite\",\"@id\":\"http:\/\/dirisolar.com\/Projets\/#website\",\"url\":\"http:\/\/dirisolar.com\/Projets\/\",\"name\":\"Dirisolar\",\"description\":\"Another way to fly\",\"publisher\":{\"@id\":\"http:\/\/dirisolar.com\/Projets\/#organization\"},\"potentialAction\":[{\"@type\":\"SearchAction\",\"target\":\"http:\/\/dirisolar.com\/Projets\/?s={search_term_string}\",\"query-input\":\"required name=search_term_string\"}],\"inLanguage\":\"fr-FR\"},{\"@type\":\"ImageObject\",\"@id\":\"http:\/\/dirisolar.com\/Projets\/#primaryimage\",\"inLanguage\":\"fr-FR\",\"url\":\"http:\/\/dirisolar.com\/Projets\/wp-content\/uploads\/2020\/05\/02.jpg\",\"width\":1920,\"height\":1080,\"caption\":\"DS1500 dirigeable\"},{\"@type\":\"WebPage\",\"@id\":\"http:\/\/dirisolar.com\/Projets\/#webpage\",\"url\":\"http:\/\/dirisolar.com\/Projets\/\",\"name\":\"Accueil de Dirisolar, start-up a\\u00e9ronautique innovante\",\"isPartOf\":{\"@id\":\"http:\/\/dirisolar.com\/Projets\/#website\"},\"primaryImageOfPage\":{\"@id\":\"http:\/\/dirisolar.com\/Projets\/#primaryimage\"},\"datePublished\":\"2013-07-30T13:50:18+00:00\",\"dateModified\":\"2022-01-07T13:08:29+00:00\",\"description\":\"Dirisolar est une start-up a\\u00e9ronautique d\\u00e9veloppant un dirigeable solaire pouvant r\\u00e9pondre tant aux besoins d'op\\u00e9rateurs touristiques que scientifiques\",\"inLanguage\":\"fr-FR\",\"potentialAction\":[{\"@type\":\"ReadAction\",\"target\":[\"http:\/\/dirisolar.com\/Projets\/\"]}]}]}<\/script>\n<!-- \/ Yoast SEO plugin. -->","_links":{"self":[{"href":"http:\/\/dirisolar.com\/Projets\/wp-json\/wp\/v2\/pages\/2"}],"collection":[{"href":"http:\/\/dirisolar.com\/Projets\/wp-json\/wp\/v2\/pages"}],"about":[{"href":"http:\/\/dirisolar.com\/Projets\/wp-json\/wp\/v2\/types\/page"}],"author":[{"embeddable":true,"href":"http:\/\/dirisolar.com\/Projets\/wp-json\/wp\/v2\/users\/1"}],"replies":[{"embeddable":true,"href":"http:\/\/dirisolar.com\/Projets\/wp-json\/wp\/v2\/comments?post=2"}],"version-history":[{"count":110,"href":"http:\/\/dirisolar.com\/Projets\/wp-json\/wp\/v2\/pages\/2\/revisions"}],"predecessor-version":[{"id":1581,"href":"http:\/\/dirisolar.com\/Projets\/wp-json\/wp\/v2\/pages\/2\/revisions\/1581"}],"wp:featuredmedia":[{"embeddable":true,"href":"http:\/\/dirisolar.com\/Projets\/wp-json\/wp\/v2\/media\/1174"}],"wp:attachment":[{"href":"http:\/\/dirisolar.com\/Projets\/wp-json\/wp\/v2\/media?parent=2"}],"curies":[{"name":"wp","href":"https:\/\/api.w.org\/{rel}","templated":true}]}}