{"id":18,"date":"2013-08-01T17:14:53","date_gmt":"2013-08-01T15:14:53","guid":{"rendered":"http:\/\/dirisolar.com\/Projets\/?page_id=18"},"modified":"2020-05-31T13:24:35","modified_gmt":"2020-05-31T11:24:35","slug":"evenements","status":"publish","type":"page","link":"http:\/\/dirisolar.com\/Projets\/dirisolar\/evenements\/","title":{"rendered":"Ev\u00e9nements"},"content":{"rendered":"<h2><strong>2018<\/strong><\/h2>\n<p>Depuis 2018, Dirisolar est membre du p\u00f4le Systematic et du Cluster Drone Paris R\u00e9gion<\/p>\n<p><img loading=\"lazy\" class=\"wp-image-1140 alignnone\" src=\"http:\/\/dirisolar.com\/Projets\/wp-content\/uploads\/2019\/08\/Systematic-logo-800px-800x298-300x112.png\" alt=\"\" width=\"142\" height=\"53\" srcset=\"http:\/\/dirisolar.com\/Projets\/wp-content\/uploads\/2019\/08\/Systematic-logo-800px-800x298-300x112.png 300w, http:\/\/dirisolar.com\/Projets\/wp-content\/uploads\/2019\/08\/Systematic-logo-800px-800x298-768x286.png 768w, http:\/\/dirisolar.com\/Projets\/wp-content\/uploads\/2019\/08\/Systematic-logo-800px-800x298.png 800w\" sizes=\"(max-width: 142px) 100vw, 142px\" \/><img loading=\"lazy\" class=\"wp-image-1141 alignnone\" src=\"http:\/\/dirisolar.com\/Projets\/wp-content\/uploads\/2019\/08\/logo-300x139.png\" alt=\"\" width=\"121\" height=\"56\" srcset=\"http:\/\/dirisolar.com\/Projets\/wp-content\/uploads\/2019\/08\/logo-300x139.png 300w, http:\/\/dirisolar.com\/Projets\/wp-content\/uploads\/2019\/08\/logo.png 444w\" sizes=\"(max-width: 121px) 100vw, 121px\" \/><\/p>\n<h2 style=\"text-align: left;\"><strong>2017<\/strong><\/h2>\n<p><strong>D\u00e9cembre:<\/strong> Dirisolar est membre du Pole de comp\u00e9titivit\u00e9 ASTECH<\/p>\n<hr>\n<h2><strong>2016<\/strong><\/h2>\n<p><strong>24 Octobre :&nbsp;<\/strong>Pr\u00e9sentation du renouveau des dirigeables lors de la conf\u00e9rence de l&rsquo;AFAS<\/p>\n<p><strong>19-20 Octobre :&nbsp;<\/strong>Participation de Philippe Tixier au ESI Forum France en tant qu&rsquo;intervenant<\/p>\n<p><strong>10 Juin :<\/strong> Pr\u00e9sentation Dirisolar lors du 19\u00e8me meeting de Royan (17)<\/p>\n<p><a href=\"http:\/\/dirisolar.com\/Projets\/wp-content\/uploads\/2013\/08\/IMG_2989.jpg\"><img loading=\"lazy\" class=\"alignleft size-medium wp-image-722\" src=\"http:\/\/dirisolar.com\/Projets\/wp-content\/uploads\/2013\/08\/IMG_2989-300x225.jpg\" alt=\"IMG_2989\" width=\"300\" height=\"199\"><\/a><\/p>\n<hr>\n<h2><strong>2015<\/strong><\/h2>\n<p><strong>6 Janvier&nbsp;<\/strong>: Commencement de l&rsquo;assemblage du prototype du DS 1500 dans un Hangar de la base de Chambley (54)<\/p>\n<hr>\n<h2><strong>2014<\/strong><\/h2>\n<p><strong>13 Juin&nbsp;<\/strong>: Pr\u00e9sentation Dirisolar lors du 18\u00e8me meeting de Royan (17)&nbsp;<a title=\"Meeting dirigeable Royab\" href=\"http:\/\/www.lerevedicare.com\/\">\u00ab\u00a0Le R\u00eave d&rsquo;Icare\u00a0\u00bb<\/a><\/p>\n<p><a href=\"http:\/\/dirisolar.com\/Projets\/wp-content\/uploads\/2014\/07\/IMG_0918.jpg\"><img loading=\"lazy\" class=\"alignnone size-medium wp-image-705\" src=\"http:\/\/dirisolar.com\/Projets\/wp-content\/uploads\/2014\/07\/IMG_0918-300x199.jpg\" alt=\"IMG_0918\" width=\"300\" height=\"199\" srcset=\"http:\/\/dirisolar.com\/Projets\/wp-content\/uploads\/2014\/07\/IMG_0918-300x199.jpg 300w, http:\/\/dirisolar.com\/Projets\/wp-content\/uploads\/2014\/07\/IMG_0918-1024x682.jpg 1024w\" sizes=\"(max-width: 300px) 100vw, 300px\" \/><\/a><\/p>\n<p><strong>1er Juin&nbsp;<\/strong>: Stand de pr\u00e9sentation du projet et de la soci\u00e9t\u00e9 lors du meeting de l&rsquo;a\u00e9ronautique \u00e0 la base de Chambley (54)<\/p>\n<p><a href=\"http:\/\/dirisolar.com\/Projets\/wp-content\/uploads\/2014\/06\/Stand-Chambley-01062014.jpg\"><img loading=\"lazy\" class=\"alignnone size-medium wp-image-700\" src=\"http:\/\/dirisolar.com\/Projets\/wp-content\/uploads\/2014\/06\/Stand-Chambley-01062014-300x225.jpg\" alt=\"Stand Chambley 01062014\" width=\"300\" height=\"225\" srcset=\"http:\/\/dirisolar.com\/Projets\/wp-content\/uploads\/2014\/06\/Stand-Chambley-01062014-300x225.jpg 300w, http:\/\/dirisolar.com\/Projets\/wp-content\/uploads\/2014\/06\/Stand-Chambley-01062014-1024x768.jpg 1024w, http:\/\/dirisolar.com\/Projets\/wp-content\/uploads\/2014\/06\/Stand-Chambley-01062014.jpg 1580w\" sizes=\"(max-width: 300px) 100vw, 300px\" \/><\/a><\/p>\n<hr>\n<h2><strong>2012<\/strong><\/h2>\n<p><strong>Juin&nbsp;<\/strong>: pr\u00e9sentation du projet Dirisolar \u00e0 l\u2019Airship International Convention \u00e0 Ashford (UK)<\/p>\n<hr>\n<h2><strong>2011<\/strong><\/h2>\n<p><strong>D\u00e9cembre&nbsp;<\/strong>: pr\u00e9sentation de Dirisolar au Colloque de dirigeables d&rsquo;Aix la Chapelle (Allemagne)<\/p>\n<p><strong>Novembre&nbsp;<\/strong>: Conf\u00e9rence au Rotary club de Paris (France)<\/p>\n<table style=\"text-align: left; width: 300px;\" border=\"0\" cellspacing=\"2\" cellpadding=\"2\">\n<tbody>\n<tr>\n<td><a name=\"eventFR\"><\/a><a href=\"http:\/\/dirisolar.com\/Projets\/wp-content\/uploads\/2013\/08\/Prix_A\u00e9ro_Club_France.jpg\"><img loading=\"lazy\" class=\"aligncenter size-medium wp-image-212\" src=\"http:\/\/dirisolar.com\/Projets\/wp-content\/uploads\/2013\/08\/Prix_A\u00e9ro_Club_France-300x225.jpg\" alt=\"Prix_A\u00e9ro_Club_France\" width=\"300\" height=\"225\" srcset=\"http:\/\/dirisolar.com\/Projets\/wp-content\/uploads\/2013\/08\/Prix_A\u00e9ro_Club_France-300x225.jpg 300w, http:\/\/dirisolar.com\/Projets\/wp-content\/uploads\/2013\/08\/Prix_A\u00e9ro_Club_France.jpg 600w\" sizes=\"(max-width: 300px) 100vw, 300px\" \/><\/a><\/td>\n<td><\/td>\n<\/tr>\n<\/tbody>\n<\/table>\n<p><strong>Juin: Prix de l&rsquo;innovation de l&rsquo;A\u00e9ro-club de France au Bourget (France).&nbsp;<\/strong>Le prix est remis \u00e0 M. Tixier, pr\u00e9sident de Dirisolar par Nathalie Kosciusko-Morizet en pr\u00e9sence de Bertrand Piccard.<\/p>\n<p><strong>Mars&nbsp;<\/strong>: Comp\u00e9tition de dirigeables radio-command\u00e9s lors de l&rsquo;AG ACEBD (Association pour le centre Europ\u00e9en des Ballons et Dirigeables) \u00e0 Meudon&nbsp;(92)<\/p>\n<hr>\n<h2><strong>2010<\/strong><\/h2>\n<p><strong>Juin&nbsp;:<\/strong> pr\u00e9sentation Dirisolar au s\u00e9minaire Dirisoft \u00e0 l&rsquo;Ecole normale sup\u00e9rieure de Cachan (France)<\/p>\n<p><strong>Mai&nbsp;<\/strong>: Pr\u00e9sentation du DS 0.6 en vol public \u00e0 Mantes.<\/p>\n","protected":false},"excerpt":{"rendered":"<p>2018 Depuis 2018, Dirisolar est membre du p\u00f4le Systematic et du Cluster Drone Paris R\u00e9gion 2017 D\u00e9cembre: Dirisolar est membre du Pole de comp\u00e9titivit\u00e9 ASTECH 2016 24 Octobre :&nbsp;Pr\u00e9sentation du renouveau des dirigeables lors de la conf\u00e9rence de l&rsquo;AFAS 19-20 Octobre :&nbsp;Participation de Philippe Tixier au ESI Forum France en [&hellip;]<\/p>\n","protected":false},"author":1,"featured_media":0,"parent":4,"menu_order":12,"comment_status":"closed","ping_status":"closed","template":"","meta":{"spay_email":""},"yoast_head":"<!-- This site is optimized with the Yoast SEO plugin v15.4 - https:\/\/yoast.com\/wordpress\/plugins\/seo\/ -->\n<title>\u00e9venements et remise de r\u00e9compense dans lesquels a particip\u00e9 Dirisolar<\/title>\n<meta name=\"description\" content=\"Ensemble des \u00e9v\u00e9nements et remise de r\u00e9compense dans lesquels a particip\u00e9 Dirisolar entre 2010 et aujourd&#039;hui (salon du Bourget, meeting de Royan...)\" \/>\n<meta name=\"robots\" content=\"index, follow, max-snippet:-1, max-image-preview:large, max-video-preview:-1\" \/>\n<link rel=\"canonical\" href=\"http:\/\/dirisolar.com\/Projets\/dirisolar\/evenements\/\" \/>\n<meta property=\"og:locale\" content=\"fr_FR\" \/>\n<meta property=\"og:type\" content=\"article\" \/>\n<meta property=\"og:title\" content=\"\u00e9venements et remise de r\u00e9compense dans lesquels a particip\u00e9 Dirisolar\" \/>\n<meta property=\"og:description\" content=\"Ensemble des \u00e9v\u00e9nements et remise de r\u00e9compense dans lesquels a particip\u00e9 Dirisolar entre 2010 et aujourd&#039;hui (salon du Bourget, meeting de Royan...)\" \/>\n<meta property=\"og:url\" content=\"http:\/\/dirisolar.com\/Projets\/dirisolar\/evenements\/\" \/>\n<meta property=\"og:site_name\" content=\"Dirisolar\" \/>\n<meta property=\"article:publisher\" content=\"https:\/\/www.facebook.com\/DirisolarFR\" \/>\n<meta property=\"article:modified_time\" content=\"2020-05-31T11:24:35+00:00\" \/>\n<meta property=\"og:image\" content=\"http:\/\/dirisolar.com\/Projets\/wp-content\/uploads\/2019\/08\/Systematic-logo-800px-800x298-300x112.png\" \/>\n<meta name=\"twitter:card\" content=\"summary_large_image\" \/>\n<meta name=\"twitter:creator\" content=\"@Dirisolar\" \/>\n<meta name=\"twitter:site\" content=\"@Dirisolar\" \/>\n<meta name=\"twitter:label1\" content=\"\u00c9crit par\">\n\t<meta name=\"twitter:data1\" content=\"admin\">\n\t<meta name=\"twitter:label2\" content=\"Dur\u00e9e de lecture est.\">\n\t<meta name=\"twitter:data2\" content=\"1 minute\">\n<script type=\"application\/ld+json\" class=\"yoast-schema-graph\">{\"@context\":\"https:\/\/schema.org\",\"@graph\":[{\"@type\":\"Organization\",\"@id\":\"http:\/\/dirisolar.com\/Projets\/#organization\",\"name\":\"Dirisolar\",\"url\":\"http:\/\/dirisolar.com\/Projets\/\",\"sameAs\":[\"https:\/\/www.facebook.com\/DirisolarFR\",\"https:\/\/www.instagram.com\/dirisolar\/?hl=fr\",\"https:\/\/www.linkedin.com\/company\/dirisolar\",\"https:\/\/www.youtube.com\/channel\/UCOTzLSS-a7itDgvtlZp1gLw\",\"https:\/\/twitter.com\/Dirisolar\"],\"logo\":{\"@type\":\"ImageObject\",\"@id\":\"http:\/\/dirisolar.com\/Projets\/#logo\",\"inLanguage\":\"fr-FR\",\"url\":\"http:\/\/dirisolar.com\/Projets\/wp-content\/uploads\/2020\/11\/Dirisolar_logo.png\",\"width\":2128,\"height\":736,\"caption\":\"Dirisolar\"},\"image\":{\"@id\":\"http:\/\/dirisolar.com\/Projets\/#logo\"}},{\"@type\":\"WebSite\",\"@id\":\"http:\/\/dirisolar.com\/Projets\/#website\",\"url\":\"http:\/\/dirisolar.com\/Projets\/\",\"name\":\"Dirisolar\",\"description\":\"Another way to fly\",\"publisher\":{\"@id\":\"http:\/\/dirisolar.com\/Projets\/#organization\"},\"potentialAction\":[{\"@type\":\"SearchAction\",\"target\":\"http:\/\/dirisolar.com\/Projets\/?s={search_term_string}\",\"query-input\":\"required name=search_term_string\"}],\"inLanguage\":\"fr-FR\"},{\"@type\":\"ImageObject\",\"@id\":\"http:\/\/dirisolar.com\/Projets\/dirisolar\/evenements\/#primaryimage\",\"inLanguage\":\"fr-FR\",\"url\":\"http:\/\/dirisolar.com\/Projets\/wp-content\/uploads\/2019\/08\/Systematic-logo-800px-800x298-300x112.png\"},{\"@type\":\"WebPage\",\"@id\":\"http:\/\/dirisolar.com\/Projets\/dirisolar\/evenements\/#webpage\",\"url\":\"http:\/\/dirisolar.com\/Projets\/dirisolar\/evenements\/\",\"name\":\"\\u00e9venements et remise de r\\u00e9compense dans lesquels a particip\\u00e9 Dirisolar\",\"isPartOf\":{\"@id\":\"http:\/\/dirisolar.com\/Projets\/#website\"},\"primaryImageOfPage\":{\"@id\":\"http:\/\/dirisolar.com\/Projets\/dirisolar\/evenements\/#primaryimage\"},\"datePublished\":\"2013-08-01T15:14:53+00:00\",\"dateModified\":\"2020-05-31T11:24:35+00:00\",\"description\":\"Ensemble des \\u00e9v\\u00e9nements et remise de r\\u00e9compense dans lesquels a particip\\u00e9 Dirisolar entre 2010 et aujourd'hui (salon du Bourget, meeting de Royan...)\",\"inLanguage\":\"fr-FR\",\"potentialAction\":[{\"@type\":\"ReadAction\",\"target\":[\"http:\/\/dirisolar.com\/Projets\/dirisolar\/evenements\/\"]}]}]}<\/script>\n<!-- \/ Yoast SEO plugin. -->","_links":{"self":[{"href":"http:\/\/dirisolar.com\/Projets\/wp-json\/wp\/v2\/pages\/18"}],"collection":[{"href":"http:\/\/dirisolar.com\/Projets\/wp-json\/wp\/v2\/pages"}],"about":[{"href":"http:\/\/dirisolar.com\/Projets\/wp-json\/wp\/v2\/types\/page"}],"author":[{"embeddable":true,"href":"http:\/\/dirisolar.com\/Projets\/wp-json\/wp\/v2\/users\/1"}],"replies":[{"embeddable":true,"href":"http:\/\/dirisolar.com\/Projets\/wp-json\/wp\/v2\/comments?post=18"}],"version-history":[{"count":59,"href":"http:\/\/dirisolar.com\/Projets\/wp-json\/wp\/v2\/pages\/18\/revisions"}],"predecessor-version":[{"id":1215,"href":"http:\/\/dirisolar.com\/Projets\/wp-json\/wp\/v2\/pages\/18\/revisions\/1215"}],"up":[{"embeddable":true,"href":"http:\/\/dirisolar.com\/Projets\/wp-json\/wp\/v2\/pages\/4"}],"wp:attachment":[{"href":"http:\/\/dirisolar.com\/Projets\/wp-json\/wp\/v2\/media?parent=18"}],"curies":[{"name":"wp","href":"https:\/\/api.w.org\/{rel}","templated":true}]}}