{"id":1502,"date":"2022-01-04T15:45:01","date_gmt":"2022-01-04T14:45:01","guid":{"rendered":"http:\/\/dirisolar.com\/Projets\/?page_id=1502"},"modified":"2022-05-02T12:05:37","modified_gmt":"2022-05-02T10:05:37","slug":"investir-chez-dirisolar-startup-aeronautique-pour-la-mobilite-electrique","status":"publish","type":"page","link":"http:\/\/dirisolar.com\/Projets\/investir-chez-dirisolar-startup-aeronautique-pour-la-mobilite-electrique\/","title":{"rendered":"Investir"},"content":{"rendered":"\t\t<div data-elementor-type=\"wp-page\" data-elementor-id=\"1502\" class=\"elementor elementor-1502\" data-elementor-settings=\"[]\">\n\t\t\t\t\t\t<div class=\"elementor-inner\">\n\t\t\t\t\t\t\t<div class=\"elementor-section-wrap\">\n\t\t\t\t\t\t\t<section class=\"elementor-section elementor-top-section elementor-element elementor-element-154a2515 elementor-section-boxed elementor-section-height-default elementor-section-height-default\" data-id=\"154a2515\" data-element_type=\"section\">\n\t\t\t\t\t\t<div class=\"elementor-container elementor-column-gap-default\">\n\t\t\t\t\t\t\t<div class=\"elementor-row\">\n\t\t\t\t\t<div class=\"elementor-column elementor-col-100 elementor-top-column elementor-element elementor-element-5b93aab1\" data-id=\"5b93aab1\" data-element_type=\"column\">\n\t\t\t<div class=\"elementor-column-wrap elementor-element-populated\">\n\t\t\t\t\t\t\t<div class=\"elementor-widget-wrap\">\n\t\t\t\t\t\t<div class=\"elementor-element elementor-element-0ad45f1 elementor-widget elementor-widget-text-editor\" data-id=\"0ad45f1\" data-element_type=\"widget\" data-widget_type=\"text-editor.default\">\n\t\t\t\t<div class=\"elementor-widget-container\">\n\t\t\t\t\t<div class=\"elementor-text-editor elementor-clearfix\"><p style=\"text-align: center;\">Synth\u00e8se pour d\u00e9cideurs<\/p><\/div>\n\t\t\t\t<\/div>\n\t\t\t\t<\/div>\n\t\t\t\t<div class=\"elementor-element elementor-element-878850c elementor-align-center elementor-widget elementor-widget-button\" data-id=\"878850c\" data-element_type=\"widget\" data-widget_type=\"button.default\">\n\t\t\t\t<div class=\"elementor-widget-container\">\n\t\t\t\t\t<div class=\"elementor-button-wrapper\">\n\t\t\t<a href=\"http:\/\/dirisolar.com\/Projets\/dirisolar-synthese-pour-decideurs-2022\/\" target=\"_blank\" class=\"elementor-button-link elementor-button elementor-size-sm\" role=\"button\">\n\t\t\t\t\t\t<span class=\"elementor-button-content-wrapper\">\n\t\t\t\t\t\t<span class=\"elementor-button-text\">T\u00e9l\u00e9charger<\/span>\n\t\t<\/span>\n\t\t\t\t\t<\/a>\n\t\t<\/div>\n\t\t\t\t<\/div>\n\t\t\t\t<\/div>\n\t\t\t\t<div class=\"elementor-element elementor-element-d9980f3 elementor-widget-divider--view-line elementor-widget elementor-widget-divider\" data-id=\"d9980f3\" data-element_type=\"widget\" data-widget_type=\"divider.default\">\n\t\t\t\t<div class=\"elementor-widget-container\">\n\t\t\t\t\t<div class=\"elementor-divider\">\n\t\t\t<span class=\"elementor-divider-separator\">\n\t\t\t\t\t\t<\/span>\n\t\t<\/div>\n\t\t\t\t<\/div>\n\t\t\t\t<\/div>\n\t\t\t\t<div class=\"elementor-element elementor-element-9116613 elementor-widget elementor-widget-text-editor\" data-id=\"9116613\" data-element_type=\"widget\" data-widget_type=\"text-editor.default\">\n\t\t\t\t<div class=\"elementor-widget-container\">\n\t\t\t\t\t<div class=\"elementor-text-editor elementor-clearfix\"><p>Dirisolar ouvre son capital pour construire un dirigeable solaire r\u00e9volutionnaire, con\u00e7u et fabriqu\u00e9 en France, silencieux, d\u00e9carbon\u00e9, disponible par tout temps.<\/p>\n<p><\/p>\n<p>Profitez de cette opportunit\u00e9 prometteuse d\u2019une bonne rentabilit\u00e9 et rejoignez les 40 actionnaires historiques.<\/p><\/div>\n\t\t\t\t<\/div>\n\t\t\t\t<\/div>\n\t\t\t\t<div class=\"elementor-element elementor-element-583711b elementor-align-center elementor-widget elementor-widget-button\" data-id=\"583711b\" data-element_type=\"widget\" data-widget_type=\"button.default\">\n\t\t\t\t<div class=\"elementor-widget-container\">\n\t\t\t\t\t<div class=\"elementor-button-wrapper\">\n\t\t\t<a href=\"http:\/\/dirisolar.com\/Projets\/pitch-deck-dirisolar-v-internet\/\" class=\"elementor-button-link elementor-button elementor-size-sm\" role=\"button\">\n\t\t\t\t\t\t<span class=\"elementor-button-content-wrapper\">\n\t\t\t\t\t\t<span class=\"elementor-button-text\">T\u00e9l\u00e9charger Pitch Deck<\/span>\n\t\t<\/span>\n\t\t\t\t\t<\/a>\n\t\t<\/div>\n\t\t\t\t<\/div>\n\t\t\t\t<\/div>\n\t\t\t\t<div class=\"elementor-element elementor-element-a654fb0 elementor-widget elementor-widget-text-editor\" data-id=\"a654fb0\" data-element_type=\"widget\" data-widget_type=\"text-editor.default\">\n\t\t\t\t<div class=\"elementor-widget-container\">\n\t\t\t\t\t<div class=\"elementor-text-editor elementor-clearfix\"><p><!-- wp:paragraph --><\/p>\n<p><\/p>\n<p><!-- \/wp:paragraph --><\/p>\n<p><!-- wp:file {\"id\":1550,\"href\":\"http:\/\/dirisolar.com\/Projets\/wp-content\/uploads\/2022\/01\/DIRISOLAR-Pitch-Deck-Version-Internet-2022.pdf\"} --><\/p>\n<p><!-- \/wp:file --><\/p>\n<p><!-- wp:file {\"id\":1582,\"href\":\"http:\/\/dirisolar.com\/Projets\/wp-content\/uploads\/2022\/01\/DIRISOLAR-Bulletin-de-souscription-dun-nouvel-actionnaire.pdf\"} --><\/p>\n<div class=\"wp-block-file\"><a href=\"http:\/\/dirisolar.com\/Projets\/wp-content\/uploads\/2022\/01\/DIRISOLAR-Bulletin-de-souscription-dun-nouvel-actionnaire.pdf\">DIRISOLAR &#8211; Bulletin de souscription d&rsquo;un nouvel actionnaire<\/a><a href=\"http:\/\/dirisolar.com\/Projets\/wp-content\/uploads\/2022\/01\/DIRISOLAR-Bulletin-de-souscription-dun-nouvel-actionnaire.pdf\" class=\"wp-block-file__button\" download=\"\">T\u00e9l\u00e9charger<\/a><\/div>\n<p><!-- \/wp:file --><\/p>\n<p><!-- wp:paragraph --><\/p>\n<p>Pour plus d\u2019information, contactez <a href=\"mailto:Alix.tixier@gmail.com\">Alix.lemonnier@dirisolar.com<\/a> Directrice Financi\u00e8re de Dirisolar<\/p>\n<p><!-- \/wp:paragraph --><\/p><\/div>\n\t\t\t\t<\/div>\n\t\t\t\t<\/div>\n\t\t\t\t\t\t<\/div>\n\t\t\t\t\t<\/div>\n\t\t<\/div>\n\t\t\t\t\t\t\t\t<\/div>\n\t\t\t\t\t<\/div>\n\t\t<\/section>\n\t\t\t\t\t\t<\/div>\n\t\t\t\t\t\t<\/div>\n\t\t\t\t\t<\/div>\n\t\t","protected":false},"excerpt":{"rendered":"<p>Synth\u00e8se pour d\u00e9cideurs T\u00e9l\u00e9charger Dirisolar ouvre son capital pour construire un dirigeable solaire r\u00e9volutionnaire, con\u00e7u et fabriqu\u00e9 en France, silencieux, d\u00e9carbon\u00e9, disponible par tout temps. Profitez de cette opportunit\u00e9 prometteuse d\u2019une bonne rentabilit\u00e9 et rejoignez les 40 actionnaires historiques. T\u00e9l\u00e9charger Pitch Deck Pour plus d\u2019information, contactez Alix.lemonnier@dirisolar.com Directrice Financi\u00e8re de [&hellip;]<\/p>\n","protected":false},"author":1,"featured_media":1516,"parent":0,"menu_order":0,"comment_status":"closed","ping_status":"closed","template":"","meta":{"spay_email":""},"yoast_head":"<!-- This site is optimized with the Yoast SEO plugin v15.4 - https:\/\/yoast.com\/wordpress\/plugins\/seo\/ -->\n<title>Investir chez Dirisolar, startup a\u00e9ronautique pour la mobilit\u00e9 \u00e9lectrique<\/title>\n<meta name=\"description\" content=\"Investir chez Dirisolar, startup a\u00e9ronautique pour la mobilit\u00e9 \u00e9lectrique. Le premier dirigeable solaire qui sera tout-temps\" \/>\n<meta name=\"robots\" content=\"index, follow, max-snippet:-1, max-image-preview:large, max-video-preview:-1\" \/>\n<link rel=\"canonical\" href=\"https:\/\/dirisolar.com\/Projets\/investir-chez-dirisolar-startup-aeronautique-pour-la-mobilite-electrique\/\" \/>\n<meta property=\"og:locale\" content=\"fr_FR\" \/>\n<meta property=\"og:type\" content=\"article\" \/>\n<meta property=\"og:title\" content=\"Investir chez Dirisolar, startup a\u00e9ronautique pour la mobilit\u00e9 \u00e9lectrique\" \/>\n<meta property=\"og:description\" content=\"Investir chez Dirisolar, startup a\u00e9ronautique pour la mobilit\u00e9 \u00e9lectrique. Le premier dirigeable solaire qui sera tout-temps\" \/>\n<meta property=\"og:url\" content=\"https:\/\/dirisolar.com\/Projets\/investir-chez-dirisolar-startup-aeronautique-pour-la-mobilite-electrique\/\" \/>\n<meta property=\"og:site_name\" content=\"Dirisolar\" \/>\n<meta property=\"article:publisher\" content=\"https:\/\/www.facebook.com\/DirisolarFR\" \/>\n<meta property=\"article:modified_time\" content=\"2022-05-02T10:05:37+00:00\" \/>\n<meta property=\"og:image\" content=\"http:\/\/dirisolar.com\/Projets\/wp-content\/uploads\/2022\/01\/pexels-photo-590011.jpeg\" \/>\n\t<meta property=\"og:image:width\" content=\"1880\" \/>\n\t<meta property=\"og:image:height\" content=\"1245\" \/>\n<meta name=\"twitter:card\" content=\"summary_large_image\" \/>\n<meta name=\"twitter:creator\" content=\"@Dirisolar\" \/>\n<meta name=\"twitter:site\" content=\"@Dirisolar\" \/>\n<meta name=\"twitter:label1\" content=\"\u00c9crit par\">\n\t<meta name=\"twitter:data1\" content=\"admin\">\n\t<meta name=\"twitter:label2\" content=\"Dur\u00e9e de lecture est.\">\n\t<meta name=\"twitter:data2\" content=\"0 minute\">\n<script type=\"application\/ld+json\" class=\"yoast-schema-graph\">{\"@context\":\"https:\/\/schema.org\",\"@graph\":[{\"@type\":\"Organization\",\"@id\":\"http:\/\/dirisolar.com\/Projets\/#organization\",\"name\":\"Dirisolar\",\"url\":\"http:\/\/dirisolar.com\/Projets\/\",\"sameAs\":[\"https:\/\/www.facebook.com\/DirisolarFR\",\"https:\/\/www.instagram.com\/dirisolar\/?hl=fr\",\"https:\/\/www.linkedin.com\/company\/dirisolar\",\"https:\/\/www.youtube.com\/channel\/UCOTzLSS-a7itDgvtlZp1gLw\",\"https:\/\/twitter.com\/Dirisolar\"],\"logo\":{\"@type\":\"ImageObject\",\"@id\":\"http:\/\/dirisolar.com\/Projets\/#logo\",\"inLanguage\":\"fr-FR\",\"url\":\"http:\/\/dirisolar.com\/Projets\/wp-content\/uploads\/2020\/11\/Dirisolar_logo.png\",\"width\":2128,\"height\":736,\"caption\":\"Dirisolar\"},\"image\":{\"@id\":\"http:\/\/dirisolar.com\/Projets\/#logo\"}},{\"@type\":\"WebSite\",\"@id\":\"http:\/\/dirisolar.com\/Projets\/#website\",\"url\":\"http:\/\/dirisolar.com\/Projets\/\",\"name\":\"Dirisolar\",\"description\":\"Another way to fly\",\"publisher\":{\"@id\":\"http:\/\/dirisolar.com\/Projets\/#organization\"},\"potentialAction\":[{\"@type\":\"SearchAction\",\"target\":\"http:\/\/dirisolar.com\/Projets\/?s={search_term_string}\",\"query-input\":\"required name=search_term_string\"}],\"inLanguage\":\"fr-FR\"},{\"@type\":\"ImageObject\",\"@id\":\"https:\/\/dirisolar.com\/Projets\/investir-chez-dirisolar-startup-aeronautique-pour-la-mobilite-electrique\/#primaryimage\",\"inLanguage\":\"fr-FR\",\"url\":\"http:\/\/dirisolar.com\/Projets\/wp-content\/uploads\/2022\/01\/pexels-photo-590011.jpeg\",\"width\":1880,\"height\":1245,\"caption\":\"Photo by Lukas on Pexels.com\"},{\"@type\":\"WebPage\",\"@id\":\"https:\/\/dirisolar.com\/Projets\/investir-chez-dirisolar-startup-aeronautique-pour-la-mobilite-electrique\/#webpage\",\"url\":\"https:\/\/dirisolar.com\/Projets\/investir-chez-dirisolar-startup-aeronautique-pour-la-mobilite-electrique\/\",\"name\":\"Investir chez Dirisolar, startup a\\u00e9ronautique pour la mobilit\\u00e9 \\u00e9lectrique\",\"isPartOf\":{\"@id\":\"http:\/\/dirisolar.com\/Projets\/#website\"},\"primaryImageOfPage\":{\"@id\":\"https:\/\/dirisolar.com\/Projets\/investir-chez-dirisolar-startup-aeronautique-pour-la-mobilite-electrique\/#primaryimage\"},\"datePublished\":\"2022-01-04T14:45:01+00:00\",\"dateModified\":\"2022-05-02T10:05:37+00:00\",\"description\":\"Investir chez Dirisolar, startup a\\u00e9ronautique pour la mobilit\\u00e9 \\u00e9lectrique. Le premier dirigeable solaire qui sera tout-temps\",\"inLanguage\":\"fr-FR\",\"potentialAction\":[{\"@type\":\"ReadAction\",\"target\":[\"https:\/\/dirisolar.com\/Projets\/investir-chez-dirisolar-startup-aeronautique-pour-la-mobilite-electrique\/\"]}]}]}<\/script>\n<!-- \/ Yoast SEO plugin. -->","_links":{"self":[{"href":"http:\/\/dirisolar.com\/Projets\/wp-json\/wp\/v2\/pages\/1502"}],"collection":[{"href":"http:\/\/dirisolar.com\/Projets\/wp-json\/wp\/v2\/pages"}],"about":[{"href":"http:\/\/dirisolar.com\/Projets\/wp-json\/wp\/v2\/types\/page"}],"author":[{"embeddable":true,"href":"http:\/\/dirisolar.com\/Projets\/wp-json\/wp\/v2\/users\/1"}],"replies":[{"embeddable":true,"href":"http:\/\/dirisolar.com\/Projets\/wp-json\/wp\/v2\/comments?post=1502"}],"version-history":[{"count":41,"href":"http:\/\/dirisolar.com\/Projets\/wp-json\/wp\/v2\/pages\/1502\/revisions"}],"predecessor-version":[{"id":1645,"href":"http:\/\/dirisolar.com\/Projets\/wp-json\/wp\/v2\/pages\/1502\/revisions\/1645"}],"wp:featuredmedia":[{"embeddable":true,"href":"http:\/\/dirisolar.com\/Projets\/wp-json\/wp\/v2\/media\/1516"}],"wp:attachment":[{"href":"http:\/\/dirisolar.com\/Projets\/wp-json\/wp\/v2\/media?parent=1502"}],"curies":[{"name":"wp","href":"https:\/\/api.w.org\/{rel}","templated":true}]}}