{"id":1074,"date":"2017-07-18T15:46:58","date_gmt":"2017-07-18T13:46:58","guid":{"rendered":"http:\/\/dirisolar.com\/Projets\/?page_id=1074"},"modified":"2017-07-19T10:50:49","modified_gmt":"2017-07-19T08:50:49","slug":"1074-2","status":"publish","type":"page","link":"http:\/\/dirisolar.com\/Projets\/1074-2\/","title":{"rendered":"Thanks"},"content":{"rendered":"<p>Many people brought me their help and counsel on the Dirisolar project since 2008, my thanks especially go to :<\/p>\n<p>&nbsp;<\/p>\n<p>Audouin Dollfus, who opened and commented his archives on aerostation<\/p>\n<p>Alix Tixier, who helped me found and manage Dirisolar since 2009<\/p>\n<p>Herv\u00e9 Kuhlmann, who allowed me to present my project to Dirisoft&rsquo;s meetings<\/p>\n<p>Pierre Yves Duchesne, who built the functioning model DS 0.6 in 2010<\/p>\n<p>Bruno Chanetz, who allowed me to use the AK hangar pour the DS 0.6 trials<\/p>\n<p>Alain Mouthon, chief of the ONERA centre in Meudon, for his authorizations<\/p>\n<p>Henri Mazer, Andr\u00e9 Mouthon&rsquo;s deputy, who organised the use of the AK hangar<\/p>\n<p>Francisco Gonzales Redondo, who opened his archives on Torres Quevedo,<\/p>\n<p>Magali Rebeaud, who wrote and published the article in Air et Cosmos in 2011,<\/p>\n<p>Philippe Guicheteau, who searched for the helping possibilities offered by the ONERA,<\/p>\n<p>Pierre Ponomareff, who spent a lot of time sharing his experience<\/p>\n<p>Arnaud Deramecourt, from the CNES, for his recommandations on the project<\/p>\n<p>Franck \u00a0Emond, ing\u00e9nieur Arist, pour son aide \u00e0 pr\u00e9senter le dossier \u00e0 la CCIP,<\/p>\n<p>St\u00e9phane Roger, du CFI, qui a obtenu l\u2019aide financi\u00e8re d\u2019OSEO, en 2011,<\/p>\n<p>Sami Allouani, d\u2019ESSEC Junior Entreprise, pour son \u00e9tude de march\u00e9,<\/p>\n<p>Pascal Martin, champion de Montgolfi\u00e8re, qui m\u2019a introduit chez les a\u00e9rostiers,<\/p>\n<p>Philippe Procaccia, d\u2019Astech, qui a recherch\u00e9 des partenaires industriels,<\/p>\n<p>G\u00e9rard Cl\u00e9ment, qui m\u2019a expliqu\u00e9 les secrets de la fabrication des cerf-volants,<\/p>\n<p>Philippe Pr\u00e9vost, PDG de Utilis, qui m\u2019a expliqu\u00e9 la fabrication des grosses tentes,<\/p>\n<p>Christian Theuveny, qui m\u2019a longuement expliqu\u00e9 toute l\u2019histoire de Voliris,<\/p>\n<p>Marc van Peteghem, designer du bateau vainqueur de la coupe de l\u2019America 2010<\/p>\n<p>Jean Paul Gateff, par ses conseils pr\u00e9cieux sur l\u2019entoilage du dirigeable,<\/p>\n<p>Yves Jacquet, g\u00e9rant de Asteo, par ses avis tr\u00e8s comp\u00e9tents sur l\u2019entoilage<\/p>\n<p>Daqing Cao, ing\u00e9nieur chez Asteo, pour l\u2019\u00e9tude basique du principe de l\u2019entoilage,<\/p>\n<p>Didier Mastain, du Cetim, pour son accueil et ses\u00a0 avis sur les composites,<\/p>\n<p>Jean Claude Leroux, de Structil, pour ses conseils pertinents sur les composites,<\/p>\n<p>S\u00e9bastien Vercruysse, PDG de Avenao, pour son aide et ses introductions,<\/p>\n<p>Pierrick Merrel, ing\u00e9nieur commercial chez Avenao, pour sa r\u00e9activit\u00e9,<\/p>\n<p>Sebastien Griveau, ing\u00e9nieur chez Avenao, pour son travail d\u2019\u00e9tude exceptionnel,<\/p>\n<p>Philippe Le, ing\u00e9nieur commercial chez Avenao, pour son assistance,<\/p>\n<p>Jean Paul Dufils, de la Chaudronnerie Jacob, pour ses essais de cintrage de tubes,<\/p>\n<p>Tristan Soubri\u00e9, g\u00e9rant de Andheo, pour son expertise en CFD,<\/p>\n<p>Etienne Copel, qui a bien voulu pr\u00e9sider la revue de conception pr\u00e9liminaire,<\/p>\n<p>Bastien Lefran\u00e7ois, r\u00e9alisateur du dirigeable Sol\u2019R, pour ses conseils \u00e9clair\u00e9s,<\/p>\n<p>Philippe Rouess\u00e9, secr\u00e9taire et r\u00e9dacteur de la revue de conception pr\u00e9liminaire,<\/p>\n<p>Andreas Kunze, du projet Lotte, pour ses explications sur les enveloppes,<\/p>\n<p>Genevi\u00e8ve Beauregard, pour ses id\u00e9es et ses introductions,<\/p>\n<p>B\u00e9atrice Astier, pour ses traductions pour la conf\u00e9rence d\u2019Ashford,<\/p>\n<p>Frederik Gester, pour ses conseils d\u2019architecture de dirigeable,<\/p>\n<p>Jean Claude Berthelet, pour ses \u00e9tudes de co\u00fbt d\u2019exploitation de montgolfi\u00e8res,<\/p>\n<p>Etienne Arnaud, de Avenao, pour son esquisse du DS 1500 sur SolidWorks<\/p>\n<p>Laurent Th\u00e9venot, de La Mouette, pour son prototype de raccord de tubes,<\/p>\n<p>Jean Fran\u00e7ois Georges, pr\u00e9sident de l\u2019A\u00e9roclub de France, pour ses introductions,<\/p>\n<p>Henri Paul Soulodre, soutien ind\u00e9fectible dans la recherche de sponsors,<\/p>\n<p>Romain Flandin, \u00e9l\u00e8ve ing\u00e9nieur \u00e0 l\u2019Estaca, pour la num\u00e9risation du DS 12,<\/p>\n<p>Fran\u00e7ois Berlie, pour ses d\u00e9marches dans l\u2019Industrie A\u00e9ronautique et \u00e0 la DGA,<\/p>\n<p>Baptiste Reg\u00e0s, Pr\u00e9sident de A-NSE, pour son accueil et ses avis tr\u00e8s utiles,<\/p>\n<p>Bernard Norlain, ancien PDG de l\u2019Ofema, qui m\u2019a ouvert ses archives,<\/p>\n<p>Karl Ludwig Busemeyer, CEO de GEFAflug, pour son accueil et ses conseils,<\/p>\n<p>Thomas Brandt, CEO de Zeppelin NT, pour ses informations essentielles,<\/p>\n<p>Pierre Quintard, pour sa recherche de solutions de financement du projet,<\/p>\n<p>Michel de Rosen, PDG d\u2019Eutelsat, pour ses conseils sur les stations t\u00e9l\u00e9com ,<\/p>\n<p>Yvan Bachtold, et Anthony Liot, de l\u2019A\u00e9roport de Paris, pour leurs \u00e9tudes,<\/p>\n<p>J\u00e9r\u00f4me Pignatel, de Constellium, pour ses informations et conseils sur les tubes,<\/p>\n<p>Michel R L\u00e9vy, du Cabinet Brandon, pour ses conseils en propri\u00e9t\u00e9 intellectuelle,<\/p>\n<p>Jean Thierry Audren, pour ses conseils tr\u00e8s utiles pour le brevet,<\/p>\n<p>Fran\u00e7ois Mundler, r\u00e9dacteur du dossier du\u00a0 brevet,<\/p>\n<p>Olivier Tarot, pour ses conseils et son offre sur l\u2019entoilage,<\/p>\n<p>Michael Woerner, pour ses conseils et son offre sur les sacs d\u2019h\u00e9lium,<\/p>\n<p>Anne Lavrand, g\u00e9rant de Electravia, pour son offre de motorisation<\/p>\n<p>Christian Vandamme, de Electravia, pour ses conseils techniques,<\/p>\n<p>Pascal Joubert, de la DGAC, pour ses informations pr\u00e9cieuses,<\/p>\n<p>Hans Gochermann, pour son accueil et ses conseils sur les capteurs solaires,<\/p>\n<p>Christophe Semaille, de Qinetiq, pour son \u00e9coute et ses introductions,<\/p>\n<p>Christopher Kelleher, de Qinetiq UK, pour ses informations sur le drone Zephyr ,<\/p>\n<p>Raphael Dinelli, de Ocean Vital, pour son accueil aux Sables d\u2019Olonne,<\/p>\n<p>Andr\u00e9 Vandendriesche, de Ocean Vital, pour son \u00e9tude d\u2019\u00e9quipement solaire,<\/p>\n<p>Pierre Lumet, r\u00e9alisateur des images de synth\u00e8se du DS 1500,<\/p>\n<p>Sandrine Cazaux, r\u00e9alisatrice du nouveau site Dirisolar.com,<\/p>\n<p>Joel Sunier, pour son offre d&rsquo;\u00e9quipement en capteurs solaires<\/p>\n<p>Martin Peter, pour ses avis et sa recommandation<\/p>\n<p>Eric Lopez, pour sa recommandation<\/p>\n<p>Jean Delery,pr\u00e9sident de la commission technique a\u00e9ronautique AAAF<\/p>\n<p>Thierry Menoux, de ESI group<\/p>\n<p>Slaheddine Frikha, de ESI Group<\/p>\n<p>Gervais Milcent, pour sa contribution d\u00e9cisive \u00e0 la mod\u00e9lisation du DS 1500<\/p>\n<p>Philippe Gelenne, pour son aide aux mod\u00e9lisations CFD<\/p>\n<p>Vincent Chaillou, DG de ESI Group<\/p>\n<p>Caroline Borot, de ESI Group<\/p>\n<p>Bertrand Calinou, pour sa superbe video sur Dirisolar<\/p>\n<p>Arthur Ouvrard, \u00e9l\u00e8ve de l&rsquo;ESTACA, pour son \u00e9tude cabine d&rsquo;ancrage et cockpit<\/p>\n<p>Thibault Roucaute, \u00e9l\u00e9ve de l&rsquo;ESTACA, pour son \u00e9tude de la commande canard<\/p>\n<p>Lo\u00efs Henry et Louis Marie Romain, pour leur \u00e9tude de march\u00e9<\/p>\n<p>Alexandre Hoffmann, du C2IME en Lorraine<\/p>\n<p>Jacques Bernard, pour ses conseils en certification<\/p>\n<p>David Gallezot, pour ses conseils et ses introductions<\/p>\n<p>Pierre Louis Cambefort, pour ses conseils en conception<\/p>\n<p>St\u00e9phane Morelli, pour sa recommandation<\/p>\n<p>Patrick Magne, pour ses recherches d&rsquo;investisseur<\/p>\n<p>Wilfrid Marin, pour ses mises en relation techniques<\/p>\n<p>&nbsp;<\/p>\n<p>Et tous ceux, tr\u00e8s nombreux mais non cit\u00e9s ici, qui m\u2019ont apport\u00e9 leur avis utiles et leurs encouragements.<\/p>\n<p>&nbsp;<\/p>\n<p>Philippe Tixier, 5 juillet 2017<\/p>\n","protected":false},"excerpt":{"rendered":"<p>Many people brought me their help and counsel on the Dirisolar project since 2008, my thanks especially go to : &nbsp; Audouin Dollfus, who opened and commented his archives on aerostation Alix Tixier, who helped me found and manage Dirisolar since 2009 Herv\u00e9 Kuhlmann, who allowed me to present my [&hellip;]<\/p>\n","protected":false},"author":7,"featured_media":0,"parent":0,"menu_order":0,"comment_status":"closed","ping_status":"closed","template":"","meta":{"spay_email":""},"yoast_head":"<!-- This site is optimized with the Yoast SEO plugin v15.4 - https:\/\/yoast.com\/wordpress\/plugins\/seo\/ -->\n<title>Thanks Dirisolar<\/title>\n<meta name=\"robots\" content=\"index, follow, max-snippet:-1, max-image-preview:large, max-video-preview:-1\" \/>\n<link rel=\"canonical\" href=\"http:\/\/dirisolar.com\/Projets\/1074-2\/\" \/>\n<meta property=\"og:locale\" content=\"fr_FR\" \/>\n<meta property=\"og:type\" content=\"article\" \/>\n<meta property=\"og:title\" content=\"Thanks Dirisolar\" \/>\n<meta property=\"og:description\" content=\"Many people brought me their help and counsel on the Dirisolar project since 2008, my thanks especially go to : &nbsp; Audouin Dollfus, who opened and commented his archives on aerostation Alix Tixier, who helped me found and manage Dirisolar since 2009 Herv\u00e9 Kuhlmann, who allowed me to present my [&hellip;]\" \/>\n<meta property=\"og:url\" content=\"http:\/\/dirisolar.com\/Projets\/1074-2\/\" \/>\n<meta property=\"og:site_name\" content=\"Dirisolar\" \/>\n<meta property=\"article:publisher\" content=\"https:\/\/www.facebook.com\/DirisolarFR\" \/>\n<meta property=\"article:modified_time\" content=\"2017-07-19T08:50:49+00:00\" \/>\n<meta name=\"twitter:card\" content=\"summary_large_image\" \/>\n<meta name=\"twitter:creator\" content=\"@Dirisolar\" \/>\n<meta name=\"twitter:site\" content=\"@Dirisolar\" \/>\n<meta name=\"twitter:label1\" content=\"\u00c9crit par\">\n\t<meta name=\"twitter:data1\" content=\"Webmaster\">\n\t<meta name=\"twitter:label2\" content=\"Dur\u00e9e de lecture est.\">\n\t<meta name=\"twitter:data2\" content=\"4 minutes\">\n<script type=\"application\/ld+json\" class=\"yoast-schema-graph\">{\"@context\":\"https:\/\/schema.org\",\"@graph\":[{\"@type\":\"Organization\",\"@id\":\"http:\/\/dirisolar.com\/Projets\/#organization\",\"name\":\"Dirisolar\",\"url\":\"http:\/\/dirisolar.com\/Projets\/\",\"sameAs\":[\"https:\/\/www.facebook.com\/DirisolarFR\",\"https:\/\/www.instagram.com\/dirisolar\/?hl=fr\",\"https:\/\/www.linkedin.com\/company\/dirisolar\",\"https:\/\/www.youtube.com\/channel\/UCOTzLSS-a7itDgvtlZp1gLw\",\"https:\/\/twitter.com\/Dirisolar\"],\"logo\":{\"@type\":\"ImageObject\",\"@id\":\"http:\/\/dirisolar.com\/Projets\/#logo\",\"inLanguage\":\"fr-FR\",\"url\":\"http:\/\/dirisolar.com\/Projets\/wp-content\/uploads\/2020\/11\/Dirisolar_logo.png\",\"width\":2128,\"height\":736,\"caption\":\"Dirisolar\"},\"image\":{\"@id\":\"http:\/\/dirisolar.com\/Projets\/#logo\"}},{\"@type\":\"WebSite\",\"@id\":\"http:\/\/dirisolar.com\/Projets\/#website\",\"url\":\"http:\/\/dirisolar.com\/Projets\/\",\"name\":\"Dirisolar\",\"description\":\"Another way to fly\",\"publisher\":{\"@id\":\"http:\/\/dirisolar.com\/Projets\/#organization\"},\"potentialAction\":[{\"@type\":\"SearchAction\",\"target\":\"http:\/\/dirisolar.com\/Projets\/?s={search_term_string}\",\"query-input\":\"required name=search_term_string\"}],\"inLanguage\":\"fr-FR\"},{\"@type\":\"WebPage\",\"@id\":\"http:\/\/dirisolar.com\/Projets\/1074-2\/#webpage\",\"url\":\"http:\/\/dirisolar.com\/Projets\/1074-2\/\",\"name\":\"Thanks Dirisolar\",\"isPartOf\":{\"@id\":\"http:\/\/dirisolar.com\/Projets\/#website\"},\"datePublished\":\"2017-07-18T13:46:58+00:00\",\"dateModified\":\"2017-07-19T08:50:49+00:00\",\"inLanguage\":\"fr-FR\",\"potentialAction\":[{\"@type\":\"ReadAction\",\"target\":[\"http:\/\/dirisolar.com\/Projets\/1074-2\/\"]}]}]}<\/script>\n<!-- \/ Yoast SEO plugin. -->","_links":{"self":[{"href":"http:\/\/dirisolar.com\/Projets\/wp-json\/wp\/v2\/pages\/1074"}],"collection":[{"href":"http:\/\/dirisolar.com\/Projets\/wp-json\/wp\/v2\/pages"}],"about":[{"href":"http:\/\/dirisolar.com\/Projets\/wp-json\/wp\/v2\/types\/page"}],"author":[{"embeddable":true,"href":"http:\/\/dirisolar.com\/Projets\/wp-json\/wp\/v2\/users\/7"}],"replies":[{"embeddable":true,"href":"http:\/\/dirisolar.com\/Projets\/wp-json\/wp\/v2\/comments?post=1074"}],"version-history":[{"count":3,"href":"http:\/\/dirisolar.com\/Projets\/wp-json\/wp\/v2\/pages\/1074\/revisions"}],"predecessor-version":[{"id":1081,"href":"http:\/\/dirisolar.com\/Projets\/wp-json\/wp\/v2\/pages\/1074\/revisions\/1081"}],"wp:attachment":[{"href":"http:\/\/dirisolar.com\/Projets\/wp-json\/wp\/v2\/media?parent=1074"}],"curies":[{"name":"wp","href":"https:\/\/api.w.org\/{rel}","templated":true}]}}